{"id":1852,"date":"2024-11-22T21:57:31","date_gmt":"2024-11-22T20:57:31","guid":{"rendered":"https:\/\/chantalsanmiguel.ch\/faq\/"},"modified":"2026-04-20T22:08:26","modified_gmt":"2026-04-20T20:08:26","slug":"faq","status":"publish","type":"page","link":"https:\/\/chantalsanmiguel.ch\/fr\/faq\/","title":{"rendered":"FAQ"},"content":{"rendered":"<p>[et_pb_section fb_built=\u00a0\u00bb1&Prime; _builder_version=\u00a0\u00bb4.27.4&Prime; _module_preset=\u00a0\u00bbdefault\u00a0\u00bb background_color=\u00a0\u00bbgcid-secondary-color\u00a0\u00bb locked=\u00a0\u00bboff\u00a0\u00bb global_colors_info=\u00a0\u00bb{%22gcid-secondary-color%22:%91%22background_color%22%93}\u00a0\u00bb][et_pb_row _builder_version=\u00a0\u00bb4.27.2&Prime; _module_preset=\u00a0\u00bbdefault\u00a0\u00bb global_colors_info=\u00a0\u00bb{}\u00a0\u00bb][et_pb_column type=\u00a0\u00bb4_4&Prime; _builder_version=\u00a0\u00bb4.27.2&Prime; _module_preset=\u00a0\u00bbdefault\u00a0\u00bb global_colors_info=\u00a0\u00bb{}\u00a0\u00bb][et_pb_image src=\u00a0\u00bbhttps:\/\/chantalsanmiguel.ch\/wp-content\/uploads\/2024\/11\/10.png\u00a0\u00bb title_text=\u00a0\u00bb10&Prime; align=\u00a0\u00bbcenter\u00a0\u00bb _builder_version=\u00a0\u00bb4.27.4&Prime; _module_preset=\u00a0\u00bbdefault\u00a0\u00bb background_color=\u00a0\u00bbgcid-heading-color\u00a0\u00bb width=\u00a0\u00bb35%\u00a0\u00bb max_width=\u00a0\u00bb35%\u00a0\u00bb border_radii=\u00a0\u00bbon|0px|0px|0px|0px\u00a0\u00bb global_colors_info=\u00a0\u00bb{%22gcid-heading-color%22:%91%22background_color%22%93}\u00a0\u00bb][\/et_pb_image][\/et_pb_column][\/et_pb_row][et_pb_row _builder_version=\u00a0\u00bb4.27.2&Prime; _module_preset=\u00a0\u00bbdefault\u00a0\u00bb global_colors_info=\u00a0\u00bb{}\u00a0\u00bb][et_pb_column type=\u00a0\u00bb4_4&Prime; _builder_version=\u00a0\u00bb4.27.2&Prime; _module_preset=\u00a0\u00bbdefault\u00a0\u00bb global_colors_info=\u00a0\u00bb{}\u00a0\u00bb][et_pb_text _builder_version=\u00a0\u00bb4.27.5&Prime; _module_preset=\u00a0\u00bbdefault\u00a0\u00bb custom_margin=\u00a0\u00bb0px||0px||false|false\u00a0\u00bb hover_enabled=\u00a0\u00bb0&Prime; global_colors_info=\u00a0\u00bb{}\u00a0\u00bb text_font_size=\u00a0\u00bb23px\u00a0\u00bb sticky_enabled=\u00a0\u00bb0&Prime;]<\/p>\n<p><strong>1. Ai-je besoin d\u2019un diagnostic officiel pour travailler avec toi?<\/strong><\/p>\n<p>Non, il n&rsquo;est pas n\u00e9cessaire d\u2019avoir un diagnostic officiel pour commencer le coaching. Beaucoup de mes clients viennent vers moi parce qu\u2019ils soup\u00e7onnent \u00eatre neurodivergents ou rencontrent des d\u00e9fis similaires. Bien que je ne sois pas qualifi\u00e9e pour poser un diagnostic, je peux t\u2019aider \u00e0 naviguer dans ton parcours, en offrant des outils et des strat\u00e9gies pour am\u00e9liorer ta vie quotidienne. Si besoin, je peux aussi te mettre en contact avec des professionnels pour un diagnostic compl\u00e9mentaire.   <\/p>\n<p><strong>2. Quels r\u00e9sultats puis-je attendre du coaching?<\/strong><\/p>\n<p>Le coaching est un processus collaboratif et les r\u00e9sultats d\u00e9pendent de tes objectifs et de ton engagement. Tu peux t&rsquo;attendre \u00e0: <\/p>\n<ul>\n<li>D\u00e9velopper des strat\u00e9gies pratiques pour g\u00e9rer le temps, les t\u00e2ches et<br \/>l\u2019accablant.<\/li>\n<li>Construire de la confiance et de la conscience de tes forces.<\/li>\n<li>Am\u00e9liorer ta concentration, ta r\u00e9gulation \u00e9motionnelle et ta gestion de l&rsquo;\u00e9nergie.<\/li>\n<li>Cr\u00e9er un kit d&rsquo;outils personnalis\u00e9 pour relever tes d\u00e9fis et prosp\u00e9rer dans ta vie personnelle et professionnelle.<\/li>\n<\/ul>\n<p><strong>3. Combien de temps durent les s\u00e9ances de coaching?<\/strong><\/p>\n<p>Chaque s\u00e9ance dure g\u00e9n\u00e9ralement 60 minutes, mais la dur\u00e9e peut \u00eatre adapt\u00e9e \u00e0 tes besoins personnels. Cette flexibilit\u00e9 permet de disposer du temps n\u00e9cessaire pour explorer en profondeur tes d\u00e9fis, d\u00e9velopper des solutions et fixer des objectifs actionnables. <\/p>\n<p><strong>4. \u00c0 quelle fr\u00e9quence nous rencontrerons-nous?<\/strong><\/p>\n<p>La fr\u00e9quence des s\u00e9ances d\u00e9pend de tes besoins et de tes objectifs. La plupart des clients commencent avec des s\u00e9ances hebdomadaires ou bihebdomadaires, avec la possibilit\u00e9 d&rsquo;ajuster la fr\u00e9quence au fur et \u00e0 mesure des progr\u00e8s. <\/p>\n<p><strong>5. Les s\u00e9ances sont-elles virtuelles ou en personne?<\/strong><\/p>\n<p>Je propose des s\u00e9ances virtuelles et en personne (en fonction de la localisation). Les s\u00e9ances virtuelles offrent plus de flexibilit\u00e9, tandis que les s\u00e9ances en personne permettent une interaction plus directe.  Je peux aussi offrir un soutien par \u00e9crit pour les clients qui se sentent plus \u00e0 l\u2019aise \u00e0 communiquer par texte.<\/p>\n<p><strong>6. Le coaching est-il pareil que la th\u00e9rapie?<\/strong><\/p>\n<p>Non, le coaching et la th\u00e9rapie servent \u00e0 des fins diff\u00e9rentes. Le coaching se concentre sur la fixation d&rsquo;objectifs, le surpassement des d\u00e9fis et la construction de strat\u00e9gies pour un succ\u00e8s futur. La th\u00e9rapie, quant \u00e0 elle, se penche souvent sur les exp\u00e9riences pass\u00e9es et traite les pr\u00e9occupations li\u00e9es \u00e0 la sant\u00e9 mentale. Je travaille en \u00e9troite collaboration avec des psychologues et des psychiatres, si n\u00e9cessaire, pour garantir que tu re\u00e7oives un soutien complet.   <\/p>\n<p><strong>7. Comment savoir si le coaching est fait pour moi?<\/strong><\/p>\n<p>Le coaching est id\u00e9al si tu es pr\u00eat(e) \u00e0 passer \u00e0 l&rsquo;action, \u00e0 explorer de nouvelles strat\u00e9gies et \u00e0 travailler sur une meilleure compr\u00e9hension de toi-m\u00eame et de tes objectifs. Que tu sois diagnostiqu\u00e9(e) ou non avec une condition neurodivergente, si tu fais face \u00e0 des d\u00e9fis comme la concentration, l\u2019accablement ou la gestion du temps, le coaching peut te fournir le soutien et les outils n\u00e9cessaires pour prosp\u00e9rer. <\/p>\n<p><strong>8. Quelles sont tes qualifications et ta formation ?<\/strong><\/p>\n<p data-start=\"145\" data-end=\"388\">Je suis coach certifi\u00e9e en neurodiversit\u00e9 et mentor, combinant mon exp\u00e9rience personnelle avec une formation professionnelle. Je collabore r\u00e9guli\u00e8rement avec un professionnel clinique pour que mon coaching reste \u00e9thique, bienveillant et bas\u00e9 sur les meilleures pratiques. <\/p>\n<p data-start=\"390\" data-end=\"644\">J\u2019investis aussi dans mon apprentissage continu \u00e0 travers des formations avanc\u00e9es, des webinaires et des conf\u00e9rences sur le TDAH, l\u2019autisme et d\u2019autres sujets li\u00e9s \u00e0 la neurodiversit\u00e9. Rester connect\u00e9e avec d\u2019autres professionnel\u00b7le\u00b7s et coachs m\u2019aide \u00e0 garder une approche actuelle et bien inform\u00e9e. <\/p>\n<p>[\/et_pb_text][\/et_pb_column][\/et_pb_row][et_pb_row _builder_version=\u00a0\u00bb4.27.4&Prime; _module_preset=\u00a0\u00bbdefault\u00a0\u00bb custom_padding=\u00a0\u00bb||48px||false|false\u00a0\u00bb global_colors_info=\u00a0\u00bb{}\u00a0\u00bb][et_pb_column type=\u00a0\u00bb4_4&Prime; _builder_version=\u00a0\u00bb4.27.2&Prime; _module_preset=\u00a0\u00bbdefault\u00a0\u00bb global_colors_info=\u00a0\u00bb{}\u00a0\u00bb][et_pb_button button_url=\u00a0\u00bbhttps:\/\/chantalsanmiguel.ch\/fr\/contact\/\u00a0\u00bb button_text=\u00a0\u00bbContacte-moi\u00a0\u00bb _builder_version=\u00a0\u00bb4.27.5&Prime; _module_preset=\u00a0\u00bbdefault\u00a0\u00bb hover_enabled=\u00a0\u00bb0&Prime; global_colors_info=\u00a0\u00bb{}\u00a0\u00bb box_shadow_style=\u00a0\u00bbpreset2&Prime; sticky_enabled=\u00a0\u00bb0&Prime;][\/et_pb_button][\/et_pb_column][\/et_pb_row][\/et_pb_section]<\/p>\n","protected":false},"excerpt":{"rendered":"<p>1. Ai-je besoin d\u2019un diagnostic officiel pour travailler avec toi? Non, il n&rsquo;est pas n\u00e9cessaire d\u2019avoir un diagnostic officiel pour commencer le coaching. Beaucoup de mes clients viennent vers moi parce qu\u2019ils soup\u00e7onnent \u00eatre neurodivergents ou rencontrent des d\u00e9fis similaires. Bien que je ne sois pas qualifi\u00e9e pour poser un diagnostic, je peux t\u2019aider \u00e0 [&hellip;]<\/p>\n","protected":false},"author":1,"featured_media":0,"parent":0,"menu_order":0,"comment_status":"closed","ping_status":"closed","template":"","meta":{"_et_pb_use_builder":"on","_et_pb_old_content":"","_et_gb_content_width":"","footnotes":""},"difl_page_category":[],"class_list":["post-1852","page","type-page","status-publish","hentry"],"yoast_head":"<!-- This site is optimized with the Yoast SEO plugin v27.4 - https:\/\/yoast.com\/product\/yoast-seo-wordpress\/ -->\n<title>FAQ | Neurodiversity Coaching &amp; Mentoring<\/title>\n<meta name=\"description\" content=\"Obtiens des r\u00e9ponses claires sur le coaching en neurodiversit\u00e9, le TDAH, l\u2019autisme, et d\u00e9couvre comment mes services aident les femmes, les mamans et les professionnel\u00b7le\u00b7s \u00e0 s\u2019\u00e9panouir.\" \/>\n<meta name=\"robots\" content=\"index, follow, max-snippet:-1, max-image-preview:large, max-video-preview:-1\" \/>\n<link rel=\"canonical\" href=\"https:\/\/chantalsanmiguel.ch\/fr\/faq\/\" \/>\n<meta property=\"og:locale\" content=\"fr_FR\" \/>\n<meta property=\"og:type\" content=\"article\" \/>\n<meta property=\"og:title\" content=\"FAQ | Neurodiversity Coaching &amp; Mentoring\" \/>\n<meta property=\"og:description\" content=\"Obtiens des r\u00e9ponses claires sur le coaching en neurodiversit\u00e9, le TDAH, l\u2019autisme, et d\u00e9couvre comment mes services aident les femmes, les mamans et les professionnel\u00b7le\u00b7s \u00e0 s\u2019\u00e9panouir.\" \/>\n<meta property=\"og:url\" content=\"https:\/\/chantalsanmiguel.ch\/fr\/faq\/\" \/>\n<meta property=\"og:site_name\" content=\"Chantal San Miguel\" \/>\n<meta property=\"article:modified_time\" content=\"2026-04-20T20:08:26+00:00\" \/>\n<meta property=\"og:image\" content=\"https:\/\/chantalsanmiguel.ch\/wp-content\/uploads\/2024\/11\/Neurosparkle-Picture-Logo.png\" \/>\n\t<meta property=\"og:image:width\" content=\"500\" \/>\n\t<meta property=\"og:image:height\" content=\"500\" \/>\n\t<meta property=\"og:image:type\" content=\"image\/png\" \/>\n<meta name=\"twitter:card\" content=\"summary_large_image\" \/>\n<meta name=\"twitter:label1\" content=\"Dur\u00e9e de lecture estim\u00e9e\" \/>\n\t<meta name=\"twitter:data1\" content=\"3 minutes\" \/>\n<script type=\"application\/ld+json\" class=\"yoast-schema-graph\">{\"@context\":\"https:\\\/\\\/schema.org\",\"@graph\":[{\"@type\":\"WebPage\",\"@id\":\"https:\\\/\\\/chantalsanmiguel.ch\\\/fr\\\/faq\\\/\",\"url\":\"https:\\\/\\\/chantalsanmiguel.ch\\\/fr\\\/faq\\\/\",\"name\":\"FAQ | Neurodiversity Coaching &amp; Mentoring\",\"isPartOf\":{\"@id\":\"https:\\\/\\\/chantalsanmiguel.ch\\\/fr\\\/#website\"},\"datePublished\":\"2024-11-22T20:57:31+00:00\",\"dateModified\":\"2026-04-20T20:08:26+00:00\",\"description\":\"Obtiens des r\u00e9ponses claires sur le coaching en neurodiversit\u00e9, le TDAH, l\u2019autisme, et d\u00e9couvre comment mes services aident les femmes, les mamans et les professionnel\u00b7le\u00b7s \u00e0 s\u2019\u00e9panouir.\",\"breadcrumb\":{\"@id\":\"https:\\\/\\\/chantalsanmiguel.ch\\\/fr\\\/faq\\\/#breadcrumb\"},\"inLanguage\":\"fr-FR\",\"potentialAction\":[{\"@type\":\"ReadAction\",\"target\":[\"https:\\\/\\\/chantalsanmiguel.ch\\\/fr\\\/faq\\\/\"]}]},{\"@type\":\"BreadcrumbList\",\"@id\":\"https:\\\/\\\/chantalsanmiguel.ch\\\/fr\\\/faq\\\/#breadcrumb\",\"itemListElement\":[{\"@type\":\"ListItem\",\"position\":1,\"name\":\"Home\",\"item\":\"https:\\\/\\\/chantalsanmiguel.ch\\\/fr\\\/\"},{\"@type\":\"ListItem\",\"position\":2,\"name\":\"FAQ\"}]},{\"@type\":\"WebSite\",\"@id\":\"https:\\\/\\\/chantalsanmiguel.ch\\\/fr\\\/#website\",\"url\":\"https:\\\/\\\/chantalsanmiguel.ch\\\/fr\\\/\",\"name\":\"Chantal San Miguel\",\"description\":\"Neurodiversity Coaching &amp; Mentoring\",\"publisher\":{\"@id\":\"https:\\\/\\\/chantalsanmiguel.ch\\\/fr\\\/#organization\"},\"potentialAction\":[{\"@type\":\"SearchAction\",\"target\":{\"@type\":\"EntryPoint\",\"urlTemplate\":\"https:\\\/\\\/chantalsanmiguel.ch\\\/fr\\\/?s={search_term_string}\"},\"query-input\":{\"@type\":\"PropertyValueSpecification\",\"valueRequired\":true,\"valueName\":\"search_term_string\"}}],\"inLanguage\":\"fr-FR\"},{\"@type\":\"Organization\",\"@id\":\"https:\\\/\\\/chantalsanmiguel.ch\\\/fr\\\/#organization\",\"name\":\"Chantal San Miguel - Neurodiversity Coaching\",\"url\":\"https:\\\/\\\/chantalsanmiguel.ch\\\/fr\\\/\",\"logo\":{\"@type\":\"ImageObject\",\"inLanguage\":\"fr-FR\",\"@id\":\"https:\\\/\\\/chantalsanmiguel.ch\\\/fr\\\/#\\\/schema\\\/logo\\\/image\\\/\",\"url\":\"https:\\\/\\\/chantalsanmiguel.ch\\\/wp-content\\\/uploads\\\/2024\\\/11\\\/Neurosparkle-Picture-Logo.png\",\"contentUrl\":\"https:\\\/\\\/chantalsanmiguel.ch\\\/wp-content\\\/uploads\\\/2024\\\/11\\\/Neurosparkle-Picture-Logo.png\",\"width\":500,\"height\":500,\"caption\":\"Chantal San Miguel - Neurodiversity Coaching\"},\"image\":{\"@id\":\"https:\\\/\\\/chantalsanmiguel.ch\\\/fr\\\/#\\\/schema\\\/logo\\\/image\\\/\"},\"sameAs\":[\"https:\\\/\\\/www.instagram.com\\\/neurosparkle.ch\\\/\",\"https:\\\/\\\/www.linkedin.com\\\/in\\\/chantal-san-miguel-8b452411a\\\/\"]}]}<\/script>\n<!-- \/ Yoast SEO plugin. -->","yoast_head_json":{"title":"FAQ | Neurodiversity Coaching &amp; Mentoring","description":"Obtiens des r\u00e9ponses claires sur le coaching en neurodiversit\u00e9, le TDAH, l\u2019autisme, et d\u00e9couvre comment mes services aident les femmes, les mamans et les professionnel\u00b7le\u00b7s \u00e0 s\u2019\u00e9panouir.","robots":{"index":"index","follow":"follow","max-snippet":"max-snippet:-1","max-image-preview":"max-image-preview:large","max-video-preview":"max-video-preview:-1"},"canonical":"https:\/\/chantalsanmiguel.ch\/fr\/faq\/","og_locale":"fr_FR","og_type":"article","og_title":"FAQ | Neurodiversity Coaching &amp; Mentoring","og_description":"Obtiens des r\u00e9ponses claires sur le coaching en neurodiversit\u00e9, le TDAH, l\u2019autisme, et d\u00e9couvre comment mes services aident les femmes, les mamans et les professionnel\u00b7le\u00b7s \u00e0 s\u2019\u00e9panouir.","og_url":"https:\/\/chantalsanmiguel.ch\/fr\/faq\/","og_site_name":"Chantal San Miguel","article_modified_time":"2026-04-20T20:08:26+00:00","og_image":[{"width":500,"height":500,"url":"https:\/\/chantalsanmiguel.ch\/wp-content\/uploads\/2024\/11\/Neurosparkle-Picture-Logo.png","type":"image\/png"}],"twitter_card":"summary_large_image","twitter_misc":{"Dur\u00e9e de lecture estim\u00e9e":"3 minutes"},"schema":{"@context":"https:\/\/schema.org","@graph":[{"@type":"WebPage","@id":"https:\/\/chantalsanmiguel.ch\/fr\/faq\/","url":"https:\/\/chantalsanmiguel.ch\/fr\/faq\/","name":"FAQ | Neurodiversity Coaching &amp; Mentoring","isPartOf":{"@id":"https:\/\/chantalsanmiguel.ch\/fr\/#website"},"datePublished":"2024-11-22T20:57:31+00:00","dateModified":"2026-04-20T20:08:26+00:00","description":"Obtiens des r\u00e9ponses claires sur le coaching en neurodiversit\u00e9, le TDAH, l\u2019autisme, et d\u00e9couvre comment mes services aident les femmes, les mamans et les professionnel\u00b7le\u00b7s \u00e0 s\u2019\u00e9panouir.","breadcrumb":{"@id":"https:\/\/chantalsanmiguel.ch\/fr\/faq\/#breadcrumb"},"inLanguage":"fr-FR","potentialAction":[{"@type":"ReadAction","target":["https:\/\/chantalsanmiguel.ch\/fr\/faq\/"]}]},{"@type":"BreadcrumbList","@id":"https:\/\/chantalsanmiguel.ch\/fr\/faq\/#breadcrumb","itemListElement":[{"@type":"ListItem","position":1,"name":"Home","item":"https:\/\/chantalsanmiguel.ch\/fr\/"},{"@type":"ListItem","position":2,"name":"FAQ"}]},{"@type":"WebSite","@id":"https:\/\/chantalsanmiguel.ch\/fr\/#website","url":"https:\/\/chantalsanmiguel.ch\/fr\/","name":"Chantal San Miguel","description":"Neurodiversity Coaching &amp; Mentoring","publisher":{"@id":"https:\/\/chantalsanmiguel.ch\/fr\/#organization"},"potentialAction":[{"@type":"SearchAction","target":{"@type":"EntryPoint","urlTemplate":"https:\/\/chantalsanmiguel.ch\/fr\/?s={search_term_string}"},"query-input":{"@type":"PropertyValueSpecification","valueRequired":true,"valueName":"search_term_string"}}],"inLanguage":"fr-FR"},{"@type":"Organization","@id":"https:\/\/chantalsanmiguel.ch\/fr\/#organization","name":"Chantal San Miguel - Neurodiversity Coaching","url":"https:\/\/chantalsanmiguel.ch\/fr\/","logo":{"@type":"ImageObject","inLanguage":"fr-FR","@id":"https:\/\/chantalsanmiguel.ch\/fr\/#\/schema\/logo\/image\/","url":"https:\/\/chantalsanmiguel.ch\/wp-content\/uploads\/2024\/11\/Neurosparkle-Picture-Logo.png","contentUrl":"https:\/\/chantalsanmiguel.ch\/wp-content\/uploads\/2024\/11\/Neurosparkle-Picture-Logo.png","width":500,"height":500,"caption":"Chantal San Miguel - Neurodiversity Coaching"},"image":{"@id":"https:\/\/chantalsanmiguel.ch\/fr\/#\/schema\/logo\/image\/"},"sameAs":["https:\/\/www.instagram.com\/neurosparkle.ch\/","https:\/\/www.linkedin.com\/in\/chantal-san-miguel-8b452411a\/"]}]}},"_links":{"self":[{"href":"https:\/\/chantalsanmiguel.ch\/fr\/wp-json\/wp\/v2\/pages\/1852","targetHints":{"allow":["GET"]}}],"collection":[{"href":"https:\/\/chantalsanmiguel.ch\/fr\/wp-json\/wp\/v2\/pages"}],"about":[{"href":"https:\/\/chantalsanmiguel.ch\/fr\/wp-json\/wp\/v2\/types\/page"}],"author":[{"embeddable":true,"href":"https:\/\/chantalsanmiguel.ch\/fr\/wp-json\/wp\/v2\/users\/1"}],"replies":[{"embeddable":true,"href":"https:\/\/chantalsanmiguel.ch\/fr\/wp-json\/wp\/v2\/comments?post=1852"}],"version-history":[{"count":19,"href":"https:\/\/chantalsanmiguel.ch\/fr\/wp-json\/wp\/v2\/pages\/1852\/revisions"}],"predecessor-version":[{"id":3956,"href":"https:\/\/chantalsanmiguel.ch\/fr\/wp-json\/wp\/v2\/pages\/1852\/revisions\/3956"}],"wp:attachment":[{"href":"https:\/\/chantalsanmiguel.ch\/fr\/wp-json\/wp\/v2\/media?parent=1852"}],"wp:term":[{"taxonomy":"difl_page_category","embeddable":true,"href":"https:\/\/chantalsanmiguel.ch\/fr\/wp-json\/wp\/v2\/difl_page_category?post=1852"}],"curies":[{"name":"wp","href":"https:\/\/api.w.org\/{rel}","templated":true}]}}