{"id":1734,"date":"2025-01-23T13:57:41","date_gmt":"2025-01-23T13:57:41","guid":{"rendered":"https:\/\/chantalsanmiguel.ch\/imprint\/"},"modified":"2025-06-14T23:33:58","modified_gmt":"2025-06-14T23:33:58","slug":"mentions-legales","status":"publish","type":"page","link":"https:\/\/chantalsanmiguel.ch\/fr\/mentions-legales\/","title":{"rendered":"M\u00e9ntions l\u00e9gales"},"content":{"rendered":"<p>[et_pb_section fb_built=\u00a0\u00bb1&Prime; _builder_version=\u00a0\u00bb4.27.2&Prime; _module_preset=\u00a0\u00bbdefault\u00a0\u00bb background_color=\u00a0\u00bbgcid-heading-color\u00a0\u00bb locked=\u00a0\u00bboff\u00a0\u00bb global_colors_info=\u00a0\u00bb{%22gcid-heading-color%22:%91%22background_color%22%93}\u00a0\u00bb][et_pb_row _builder_version=\u00a0\u00bb4.27.2&Prime; _module_preset=\u00a0\u00bbdefault\u00a0\u00bb global_colors_info=\u00a0\u00bb{}\u00a0\u00bb][et_pb_column type=\u00a0\u00bb4_4&Prime; _builder_version=\u00a0\u00bb4.27.2&Prime; _module_preset=\u00a0\u00bbdefault\u00a0\u00bb global_colors_info=\u00a0\u00bb{}\u00a0\u00bb][et_pb_image src=\u00a0\u00bbhttps:\/\/chantalsanmiguel.ch\/wp-content\/uploads\/2025\/01\/Neurosparkle-Picture-Logo-Ivory-Brown.png\u00a0\u00bb title_text=\u00a0\u00bbNeurosparkle Picture Logo &#8211; Ivory &amp; Brown\u00a0\u00bb align=\u00a0\u00bbcenter\u00a0\u00bb _builder_version=\u00a0\u00bb4.27.4&Prime; _module_preset=\u00a0\u00bbdefault\u00a0\u00bb background_color=\u00a0\u00bbgcid-heading-color\u00a0\u00bb width=\u00a0\u00bb40%\u00a0\u00bb max_width=\u00a0\u00bb40%\u00a0\u00bb global_colors_info=\u00a0\u00bb{%22gcid-heading-color%22:%91%22background_color%22%93}\u00a0\u00bb][\/et_pb_image][\/et_pb_column][\/et_pb_row][et_pb_row _builder_version=\u00a0\u00bb4.27.2&Prime; _module_preset=\u00a0\u00bbdefault\u00a0\u00bb global_colors_info=\u00a0\u00bb{}\u00a0\u00bb][et_pb_column type=\u00a0\u00bb4_4&Prime; _builder_version=\u00a0\u00bb4.27.2&Prime; _module_preset=\u00a0\u00bbdefault\u00a0\u00bb global_colors_info=\u00a0\u00bb{}\u00a0\u00bb][et_pb_text _builder_version=\u00a0\u00bb4.27.4&Prime; _module_preset=\u00a0\u00bbdefault\u00a0\u00bb custom_margin=\u00a0\u00bb0px||0px||false|false\u00a0\u00bb hover_enabled=\u00a0\u00bb0&Prime; global_colors_info=\u00a0\u00bb{}\u00a0\u00bb sticky_enabled=\u00a0\u00bb0&Prime;]<\/p>\n<p><strong>Contact \u2013 Cabinet de coaching<\/strong><br \/>Chantal San Miguel<br \/>Bahnhofplatz 8<br \/>3e \u00e9tage<br \/>2502 Biel Bienne<\/p>\n<p><strong>Photos<\/strong><br \/>Joana Photography<\/p>\n<p><b>Agence digitale<br \/><\/b>Humark GmbH<\/p>\n<p>[\/et_pb_text][et_pb_text disabled_on=\u00a0\u00bbon|on|on\u00a0\u00bb _builder_version=\u00a0\u00bb4.27.4&Prime; _module_preset=\u00a0\u00bbdefault\u00a0\u00bb custom_margin=\u00a0\u00bb0px||0px||false|false\u00a0\u00bb disabled=\u00a0\u00bbon\u00a0\u00bb global_colors_info=\u00a0\u00bb{}\u00a0\u00bb]<\/p>\n<div>\n<p><strong>Contact \u2013 Cabinet de coaching<br \/><\/strong><br \/>Chantal San Miguel<br \/>Bahnhofplatz 8<br \/>3e \u00e9tage<br \/>2502 Biel Bienne<\/p>\n<\/div>\n<p><strong>Photos<\/strong><br \/>Joana Photography<\/p>\n<p><b>Agence digitale<br \/><\/b>Humark GmbH<\/p>\n<div><strong>&#8211;<\/strong><\/div>\n<div>&#8211;<\/div>\n<div>&#8211;<\/div>\n<div>&#8211;<\/div>\n<div>&#8211;<\/div>\n<p>[\/et_pb_text][\/et_pb_column][\/et_pb_row][\/et_pb_section]<\/p>\n","protected":false},"excerpt":{"rendered":"<p>Contact \u2013 Cabinet de coachingChantal San MiguelBahnhofplatz 83e \u00e9tage2502 Biel Bienne PhotosJoana Photography Agence digitaleHumark GmbH Contact \u2013 Cabinet de coachingChantal San MiguelBahnhofplatz 83e \u00e9tage2502 Biel Bienne PhotosJoana Photography Agence digitaleHumark GmbH &#8211; &#8211; &#8211; &#8211; &#8211;<\/p>\n","protected":false},"author":2,"featured_media":0,"parent":0,"menu_order":0,"comment_status":"closed","ping_status":"closed","template":"","meta":{"_et_pb_use_builder":"on","_et_pb_old_content":"","_et_gb_content_width":"","footnotes":""},"difl_page_category":[],"class_list":["post-1734","page","type-page","status-publish","hentry"],"yoast_head":"<!-- This site is optimized with the Yoast SEO plugin v27.4 - https:\/\/yoast.com\/product\/yoast-seo-wordpress\/ -->\n<title>M\u00e9ntions l\u00e9gales<\/title>\n<meta name=\"description\" content=\"Politique de confidentialit\u00e9 disponible en allemand. D\u00e9couvrez comment Chantal San Miguel Coaching g\u00e8re vos donn\u00e9es conform\u00e9ment au RGPD et \u00e0 la l\u00e9gislation suisse.\" \/>\n<meta name=\"robots\" content=\"index, follow, max-snippet:-1, max-image-preview:large, max-video-preview:-1\" \/>\n<link rel=\"canonical\" href=\"https:\/\/chantalsanmiguel.ch\/fr\/mentions-legales\/\" \/>\n<meta property=\"og:locale\" content=\"fr_FR\" \/>\n<meta property=\"og:type\" content=\"article\" \/>\n<meta property=\"og:title\" content=\"M\u00e9ntions l\u00e9gales\" \/>\n<meta property=\"og:description\" content=\"Politique de confidentialit\u00e9 disponible en allemand. D\u00e9couvrez comment Chantal San Miguel Coaching g\u00e8re vos donn\u00e9es conform\u00e9ment au RGPD et \u00e0 la l\u00e9gislation suisse.\" \/>\n<meta property=\"og:url\" content=\"https:\/\/chantalsanmiguel.ch\/fr\/mentions-legales\/\" \/>\n<meta property=\"og:site_name\" content=\"Chantal San Miguel\" \/>\n<meta property=\"article:modified_time\" content=\"2025-06-14T23:33:58+00:00\" \/>\n<meta property=\"og:image\" content=\"https:\/\/chantalsanmiguel.ch\/wp-content\/uploads\/2024\/11\/Neurosparkle-Picture-Logo.png\" \/>\n\t<meta property=\"og:image:width\" content=\"500\" \/>\n\t<meta property=\"og:image:height\" content=\"500\" \/>\n\t<meta property=\"og:image:type\" content=\"image\/png\" \/>\n<meta name=\"twitter:card\" content=\"summary_large_image\" \/>\n<meta name=\"twitter:label1\" content=\"Dur\u00e9e de lecture estim\u00e9e\" \/>\n\t<meta name=\"twitter:data1\" content=\"1 minute\" \/>\n<script type=\"application\/ld+json\" class=\"yoast-schema-graph\">{\"@context\":\"https:\\\/\\\/schema.org\",\"@graph\":[{\"@type\":\"WebPage\",\"@id\":\"https:\\\/\\\/chantalsanmiguel.ch\\\/fr\\\/mentions-legales\\\/\",\"url\":\"https:\\\/\\\/chantalsanmiguel.ch\\\/fr\\\/mentions-legales\\\/\",\"name\":\"M\u00e9ntions l\u00e9gales\",\"isPartOf\":{\"@id\":\"https:\\\/\\\/chantalsanmiguel.ch\\\/fr\\\/#website\"},\"datePublished\":\"2025-01-23T13:57:41+00:00\",\"dateModified\":\"2025-06-14T23:33:58+00:00\",\"description\":\"Politique de confidentialit\u00e9 disponible en allemand. D\u00e9couvrez comment Chantal San Miguel Coaching g\u00e8re vos donn\u00e9es conform\u00e9ment au RGPD et \u00e0 la l\u00e9gislation suisse.\",\"breadcrumb\":{\"@id\":\"https:\\\/\\\/chantalsanmiguel.ch\\\/fr\\\/mentions-legales\\\/#breadcrumb\"},\"inLanguage\":\"fr-FR\",\"potentialAction\":[{\"@type\":\"ReadAction\",\"target\":[\"https:\\\/\\\/chantalsanmiguel.ch\\\/fr\\\/mentions-legales\\\/\"]}]},{\"@type\":\"BreadcrumbList\",\"@id\":\"https:\\\/\\\/chantalsanmiguel.ch\\\/fr\\\/mentions-legales\\\/#breadcrumb\",\"itemListElement\":[{\"@type\":\"ListItem\",\"position\":1,\"name\":\"Home\",\"item\":\"https:\\\/\\\/chantalsanmiguel.ch\\\/fr\\\/\"},{\"@type\":\"ListItem\",\"position\":2,\"name\":\"M\u00e9ntions l\u00e9gales\"}]},{\"@type\":\"WebSite\",\"@id\":\"https:\\\/\\\/chantalsanmiguel.ch\\\/fr\\\/#website\",\"url\":\"https:\\\/\\\/chantalsanmiguel.ch\\\/fr\\\/\",\"name\":\"Chantal San Miguel\",\"description\":\"Neurodiversity Coaching &amp; Mentoring\",\"publisher\":{\"@id\":\"https:\\\/\\\/chantalsanmiguel.ch\\\/fr\\\/#organization\"},\"potentialAction\":[{\"@type\":\"SearchAction\",\"target\":{\"@type\":\"EntryPoint\",\"urlTemplate\":\"https:\\\/\\\/chantalsanmiguel.ch\\\/fr\\\/?s={search_term_string}\"},\"query-input\":{\"@type\":\"PropertyValueSpecification\",\"valueRequired\":true,\"valueName\":\"search_term_string\"}}],\"inLanguage\":\"fr-FR\"},{\"@type\":\"Organization\",\"@id\":\"https:\\\/\\\/chantalsanmiguel.ch\\\/fr\\\/#organization\",\"name\":\"Chantal San Miguel - Neurodiversity Coaching\",\"url\":\"https:\\\/\\\/chantalsanmiguel.ch\\\/fr\\\/\",\"logo\":{\"@type\":\"ImageObject\",\"inLanguage\":\"fr-FR\",\"@id\":\"https:\\\/\\\/chantalsanmiguel.ch\\\/fr\\\/#\\\/schema\\\/logo\\\/image\\\/\",\"url\":\"https:\\\/\\\/chantalsanmiguel.ch\\\/wp-content\\\/uploads\\\/2024\\\/11\\\/Neurosparkle-Picture-Logo.png\",\"contentUrl\":\"https:\\\/\\\/chantalsanmiguel.ch\\\/wp-content\\\/uploads\\\/2024\\\/11\\\/Neurosparkle-Picture-Logo.png\",\"width\":500,\"height\":500,\"caption\":\"Chantal San Miguel - Neurodiversity Coaching\"},\"image\":{\"@id\":\"https:\\\/\\\/chantalsanmiguel.ch\\\/fr\\\/#\\\/schema\\\/logo\\\/image\\\/\"},\"sameAs\":[\"https:\\\/\\\/www.instagram.com\\\/neurosparkle.ch\\\/\",\"https:\\\/\\\/www.linkedin.com\\\/in\\\/chantal-san-miguel-8b452411a\\\/\"]}]}<\/script>\n<!-- \/ Yoast SEO plugin. -->","yoast_head_json":{"title":"M\u00e9ntions l\u00e9gales","description":"Politique de confidentialit\u00e9 disponible en allemand. D\u00e9couvrez comment Chantal San Miguel Coaching g\u00e8re vos donn\u00e9es conform\u00e9ment au RGPD et \u00e0 la l\u00e9gislation suisse.","robots":{"index":"index","follow":"follow","max-snippet":"max-snippet:-1","max-image-preview":"max-image-preview:large","max-video-preview":"max-video-preview:-1"},"canonical":"https:\/\/chantalsanmiguel.ch\/fr\/mentions-legales\/","og_locale":"fr_FR","og_type":"article","og_title":"M\u00e9ntions l\u00e9gales","og_description":"Politique de confidentialit\u00e9 disponible en allemand. D\u00e9couvrez comment Chantal San Miguel Coaching g\u00e8re vos donn\u00e9es conform\u00e9ment au RGPD et \u00e0 la l\u00e9gislation suisse.","og_url":"https:\/\/chantalsanmiguel.ch\/fr\/mentions-legales\/","og_site_name":"Chantal San Miguel","article_modified_time":"2025-06-14T23:33:58+00:00","og_image":[{"width":500,"height":500,"url":"https:\/\/chantalsanmiguel.ch\/wp-content\/uploads\/2024\/11\/Neurosparkle-Picture-Logo.png","type":"image\/png"}],"twitter_card":"summary_large_image","twitter_misc":{"Dur\u00e9e de lecture estim\u00e9e":"1 minute"},"schema":{"@context":"https:\/\/schema.org","@graph":[{"@type":"WebPage","@id":"https:\/\/chantalsanmiguel.ch\/fr\/mentions-legales\/","url":"https:\/\/chantalsanmiguel.ch\/fr\/mentions-legales\/","name":"M\u00e9ntions l\u00e9gales","isPartOf":{"@id":"https:\/\/chantalsanmiguel.ch\/fr\/#website"},"datePublished":"2025-01-23T13:57:41+00:00","dateModified":"2025-06-14T23:33:58+00:00","description":"Politique de confidentialit\u00e9 disponible en allemand. D\u00e9couvrez comment Chantal San Miguel Coaching g\u00e8re vos donn\u00e9es conform\u00e9ment au RGPD et \u00e0 la l\u00e9gislation suisse.","breadcrumb":{"@id":"https:\/\/chantalsanmiguel.ch\/fr\/mentions-legales\/#breadcrumb"},"inLanguage":"fr-FR","potentialAction":[{"@type":"ReadAction","target":["https:\/\/chantalsanmiguel.ch\/fr\/mentions-legales\/"]}]},{"@type":"BreadcrumbList","@id":"https:\/\/chantalsanmiguel.ch\/fr\/mentions-legales\/#breadcrumb","itemListElement":[{"@type":"ListItem","position":1,"name":"Home","item":"https:\/\/chantalsanmiguel.ch\/fr\/"},{"@type":"ListItem","position":2,"name":"M\u00e9ntions l\u00e9gales"}]},{"@type":"WebSite","@id":"https:\/\/chantalsanmiguel.ch\/fr\/#website","url":"https:\/\/chantalsanmiguel.ch\/fr\/","name":"Chantal San Miguel","description":"Neurodiversity Coaching &amp; Mentoring","publisher":{"@id":"https:\/\/chantalsanmiguel.ch\/fr\/#organization"},"potentialAction":[{"@type":"SearchAction","target":{"@type":"EntryPoint","urlTemplate":"https:\/\/chantalsanmiguel.ch\/fr\/?s={search_term_string}"},"query-input":{"@type":"PropertyValueSpecification","valueRequired":true,"valueName":"search_term_string"}}],"inLanguage":"fr-FR"},{"@type":"Organization","@id":"https:\/\/chantalsanmiguel.ch\/fr\/#organization","name":"Chantal San Miguel - Neurodiversity Coaching","url":"https:\/\/chantalsanmiguel.ch\/fr\/","logo":{"@type":"ImageObject","inLanguage":"fr-FR","@id":"https:\/\/chantalsanmiguel.ch\/fr\/#\/schema\/logo\/image\/","url":"https:\/\/chantalsanmiguel.ch\/wp-content\/uploads\/2024\/11\/Neurosparkle-Picture-Logo.png","contentUrl":"https:\/\/chantalsanmiguel.ch\/wp-content\/uploads\/2024\/11\/Neurosparkle-Picture-Logo.png","width":500,"height":500,"caption":"Chantal San Miguel - Neurodiversity Coaching"},"image":{"@id":"https:\/\/chantalsanmiguel.ch\/fr\/#\/schema\/logo\/image\/"},"sameAs":["https:\/\/www.instagram.com\/neurosparkle.ch\/","https:\/\/www.linkedin.com\/in\/chantal-san-miguel-8b452411a\/"]}]}},"_links":{"self":[{"href":"https:\/\/chantalsanmiguel.ch\/fr\/wp-json\/wp\/v2\/pages\/1734","targetHints":{"allow":["GET"]}}],"collection":[{"href":"https:\/\/chantalsanmiguel.ch\/fr\/wp-json\/wp\/v2\/pages"}],"about":[{"href":"https:\/\/chantalsanmiguel.ch\/fr\/wp-json\/wp\/v2\/types\/page"}],"author":[{"embeddable":true,"href":"https:\/\/chantalsanmiguel.ch\/fr\/wp-json\/wp\/v2\/users\/2"}],"replies":[{"embeddable":true,"href":"https:\/\/chantalsanmiguel.ch\/fr\/wp-json\/wp\/v2\/comments?post=1734"}],"version-history":[{"count":18,"href":"https:\/\/chantalsanmiguel.ch\/fr\/wp-json\/wp\/v2\/pages\/1734\/revisions"}],"predecessor-version":[{"id":2272,"href":"https:\/\/chantalsanmiguel.ch\/fr\/wp-json\/wp\/v2\/pages\/1734\/revisions\/2272"}],"wp:attachment":[{"href":"https:\/\/chantalsanmiguel.ch\/fr\/wp-json\/wp\/v2\/media?parent=1734"}],"wp:term":[{"taxonomy":"difl_page_category","embeddable":true,"href":"https:\/\/chantalsanmiguel.ch\/fr\/wp-json\/wp\/v2\/difl_page_category?post=1734"}],"curies":[{"name":"wp","href":"https:\/\/api.w.org\/{rel}","templated":true}]}}