{"id":1472,"date":"2024-11-08T13:39:53","date_gmt":"2024-11-08T12:39:53","guid":{"rendered":"https:\/\/chantalsanmiguel.ch\/home\/"},"modified":"2026-01-19T14:00:33","modified_gmt":"2026-01-19T13:00:33","slug":"home","status":"publish","type":"page","link":"https:\/\/chantalsanmiguel.ch\/de\/","title":{"rendered":"Home"},"content":{"rendered":"<p>[et_pb_section fb_built=&#8220;1&#8243; _builder_version=&#8220;4.27.4&#8243; _module_preset=&#8220;default&#8220; background_color=&#8220;gcid-secondary-color&#8220; global_colors_info=&#8220;{%22gcid-secondary-color%22:%91%22background_color%22%93}&#8220;][et_pb_row column_structure=&#8220;1_2,1_2&#8243; make_equal=&#8220;on&#8220; _builder_version=&#8220;4.27.4&#8243; _module_preset=&#8220;default&#8220; width=&#8220;100%&#8220; max_width=&#8220;100%&#8220; custom_padding=&#8220;||0px|||&#8220; global_colors_info=&#8220;{}&#8220;][et_pb_column type=&#8220;1_2&#8243; _builder_version=&#8220;4.27.4&#8243; _module_preset=&#8220;default&#8220; global_colors_info=&#8220;{}&#8220;][et_pb_text _builder_version=&#8220;4.27.4&#8243; _module_preset=&#8220;5605408f-52b6-4ff6-a1c5-f35e68d20bbf&#8220; text_font=&#8220;Belleza||||||||&#8220; text_text_color=&#8220;gcid-heading-color&#8220; custom_margin=&#8220;||||false|false&#8220; custom_padding=&#8220;|0px||0px||&#8220; global_colors_info=&#8220;{%22gcid-body-color%22:%91%22header_text_color%22%93,%22gcid-heading-color%22:%91%22text_text_color%22%93}&#8220;]<\/p>\n<p style=\"text-align: center;\">Neurodiversity Coaching &amp; Mentoring<\/p>\n<p>[\/et_pb_text][et_pb_text _builder_version=&#8220;4.27.4&#8243; _module_preset=&#8220;9d4ea0a5-a5d3-43de-9689-ce711352dfb9&#8243; global_colors_info=&#8220;{}&#8220;]<\/p>\n<h1 style=\"text-align: center;\">Gelebte Erfahrung.<\/h1>\n<h1 style=\"text-align: center;\">Fachliche Expertise.<\/h1>\n<p>[\/et_pb_text][et_pb_text _builder_version=&#8220;4.27.4&#8243; _module_preset=&#8220;5605408f-52b6-4ff6-a1c5-f35e68d20bbf&#8220; text_font=&#8220;Belleza||||||||&#8220; text_text_color=&#8220;gcid-heading-color&#8220; custom_margin=&#8220;||||false|false&#8220; custom_padding=&#8220;0px|50px||50px|false|false&#8220; global_colors_info=&#8220;{%22gcid-body-color%22:%91%22header_text_color%22%93,%22gcid-heading-color%22:%91%22text_text_color%22%93}&#8220;]<\/p>\n<p style=\"text-align: center;\">Echte Unterst\u00fctzung, die neurodivergente K\u00f6pfe dort abholt, wo sie sind.<\/p>\n<p>[\/et_pb_text][\/et_pb_column][et_pb_column type=&#8220;1_2&#8243; _builder_version=&#8220;4.27.4&#8243; _module_preset=&#8220;default&#8220; background_image=&#8220;https:\/\/chantalsanmiguel.ch\/wp-content\/uploads\/2025\/01\/22_JOA9542.jpg&#8220; background_last_edited=&#8220;on|phone&#8220; background_enable_image_tablet=&#8220;off&#8220; global_colors_info=&#8220;{}&#8220; background__hover_enabled=&#8220;off|desktop&#8220;][et_pb_image src=&#8220;https:\/\/chantalsanmiguel.ch\/wp-content\/uploads\/2025\/01\/22_JOA9542.jpg&#8220; title_text=&#8220;Chantal San Miguel&#8220; disabled_on=&#8220;off|off|on&#8220; _builder_version=&#8220;4.27.4&#8243; _module_preset=&#8220;default&#8220; global_colors_info=&#8220;{}&#8220;][\/et_pb_image][\/et_pb_column][\/et_pb_row][\/et_pb_section][et_pb_section fb_built=&#8220;1&#8243; _builder_version=&#8220;4.27.4&#8243; _module_preset=&#8220;default&#8220; background_color=&#8220;gcid-secondary-color&#8220; global_colors_info=&#8220;{%22gcid-secondary-color%22:%91%22background_color%22%93}&#8220;][et_pb_row column_structure=&#8220;1_2,1_2&#8243; make_equal=&#8220;on&#8220; _builder_version=&#8220;4.27.4&#8243; _module_preset=&#8220;default&#8220; width=&#8220;100%&#8220; max_width=&#8220;100%&#8220; global_colors_info=&#8220;{}&#8220;][et_pb_column type=&#8220;1_2&#8243; _builder_version=&#8220;4.27.4&#8243; _module_preset=&#8220;default&#8220; background_image=&#8220;https:\/\/chantalsanmiguel.ch\/wp-content\/uploads\/2025\/01\/18_A748033.jpg&#8220; background_position=&#8220;top_center&#8220; background_vertical_offset=&#8220;25%&#8220; background_last_edited=&#8220;on|phone&#8220; background_enable_image_tablet=&#8220;off&#8220; global_colors_info=&#8220;{}&#8220;][\/et_pb_column][et_pb_column type=&#8220;1_2&#8243; _builder_version=&#8220;4.27.4&#8243; _module_preset=&#8220;default&#8220; background_enable_image=&#8220;off&#8220; custom_padding=&#8220;||48px||false|false&#8220; global_colors_info=&#8220;{}&#8220;][et_pb_text _builder_version=&#8220;4.27.4&#8243; _module_preset=&#8220;default&#8220; custom_margin=&#8220;||21px||false|false&#8220; custom_padding=&#8220;|8vw||0px|false|false&#8220; custom_padding_tablet=&#8220;|||8vw|false|false&#8220; custom_padding_phone=&#8220;|8vw|||false|false&#8220; custom_padding_last_edited=&#8220;on|phone&#8220; global_colors_info=&#8220;{}&#8220;]<\/p>\n<p>Egal, ob du pers\u00f6nlich mehr Klarheit und Kontrolle in deinem Leben suchst oder als Organisation Neurodiversit\u00e4t f\u00f6rdern m\u00f6chtest; ich biete dir Unterst\u00fctzung und L\u00f6sungen, die dir helfen, zu wachsen und aufzubl\u00fchen.<\/p>\n<p>Ich biete massgeschneiderte Coachings an, mit dem Ziel, dich zu st\u00e4rken und inklusive Orte f\u00fcr neurodivergente Pers\u00f6nlichkeiten zu schaffen.<\/p>\n<p>Gemeinsam k\u00f6nnen wir sinnvolle, nachhaltige Ver\u00e4nderungen in deinem pers\u00f6nlichen Leben und in der Welt um uns herum bewirken. Buche noch heute ein kostenloses Erstgespr\u00e4ch, um zu besprechen, wie wir deine Ziele gemeinsam erreichen k\u00f6nnen! <\/p>\n<p>Meine Coaching-Ans\u00e4tze verbinden berufliche Expertise, pers\u00f6nliche Erfahrung und evidenzbasierte Strategien. Egal, ob du ADHS, Autismus oder andere Formen von Neurodivergenz navigierst, ich passe meine Methoden individuell an, damit du deine Bed\u00fcrfnisse und Ziele in deinem pers\u00f6nlichen, akademischen oder beruflichen Leben erreichen kannst. <\/p>\n<p><strong>M\u00f6gliche Ergebnisse, die dich erwarten:<\/strong><\/p>\n<ul>\n<li>Klarheit und Selbstbewusstsein im Umgang mit allt\u00e4glichen Herausforderungen.<\/li>\n<li>Werkzeuge und Strategien, um Produktivit\u00e4t, Fokus und emotionale Balance zu verbessern.<\/li>\n<li>Selbsterm\u00e4chtigung, (Empowerment) authentisch zu leben und deinen einzigartigen Denkstil zu feiern.<\/li>\n<\/ul>\n<p>[\/et_pb_text][et_pb_image src=&#8220;https:\/\/chantalsanmiguel.ch\/wp-content\/uploads\/2025\/01\/18_A748033.jpg&#8220; title_text=&#8220;Chantal San Miguel&#8220; disabled_on=&#8220;off|off|on&#8220; _builder_version=&#8220;4.27.4&#8243; _module_preset=&#8220;default&#8220; global_colors_info=&#8220;{}&#8220;][\/et_pb_image][et_pb_text _builder_version=&#8220;4.27.4&#8243; _module_preset=&#8220;5605408f-52b6-4ff6-a1c5-f35e68d20bbf&#8220; custom_margin=&#8220;||31px||false|false&#8220; custom_padding=&#8220;0px|8vw|||false|false&#8220; custom_padding_tablet=&#8220;|8vw||8vw|false|false&#8220; custom_padding_phone=&#8220;|8vw||8vw|false|false&#8220; custom_padding_last_edited=&#8220;on|phone&#8220; global_colors_info=&#8220;{}&#8220;]<\/p>\n<h4><b>Coaching mit mir bedeutet nicht, perfekt zu sein, es geht um Fortschritt, Selbstakzeptanz und darum, Freude an deiner eigenen \u201cneurosparkly\u201d Reise zu finden.<\/b><\/h4>\n<p>[\/et_pb_text][et_pb_button button_url=&#8220;https:\/\/calendly.com\/chantal-neurosparkle\/30min&#8220; url_new_window=&#8220;on&#8220; button_text=&#8220;Buche eine kostenlose Beratung&#8220; _builder_version=&#8220;4.27.4&#8243; _module_preset=&#8220;default&#8220; custom_margin=&#8220;||||false|false&#8220; custom_margin_tablet=&#8220;|8vw||8vw|false|false&#8220; custom_margin_phone=&#8220;|8vw||8vw|false|false&#8220; custom_margin_last_edited=&#8220;on|tablet&#8220; custom_padding=&#8220;||||false|false&#8220; custom_padding_tablet=&#8220;||||false|false&#8220; custom_padding_phone=&#8220;||||false|false&#8220; custom_padding_last_edited=&#8220;on|tablet&#8220; box_shadow_style=&#8220;preset2&#8243; global_colors_info=&#8220;{}&#8220;][\/et_pb_button][\/et_pb_column][\/et_pb_row][\/et_pb_section][et_pb_section fb_built=&#8220;1&#8243; disabled_on=&#8220;on|on|on&#8220; _builder_version=&#8220;4.27.4&#8243; _module_preset=&#8220;default&#8220; background_color=&#8220;gcid-secondary-color&#8220; disabled=&#8220;on&#8220; global_colors_info=&#8220;{%22gcid-secondary-color%22:%91%22background_color%22%93}&#8220;][et_pb_row _builder_version=&#8220;4.27.4&#8243; _module_preset=&#8220;default&#8220; global_colors_info=&#8220;{}&#8220;][et_pb_column type=&#8220;4_4&#8243; _builder_version=&#8220;4.27.4&#8243; _module_preset=&#8220;default&#8220; global_colors_info=&#8220;{}&#8220;][et_pb_code _builder_version=&#8220;4.27.4&#8243; _module_preset=&#8220;default&#8220; global_colors_info=&#8220;{}&#8220;]<!-- Calendly inline widget begin --><!-- [et_pb_line_break_holder] --><\/p>\n<div class=\"calendly-inline-widget\" data-url=\"https:\/\/calendly.com\/chantal-neurosparkle\/30min?hide_gdpr_banner=1&amp;text_color=574137&amp;primary_color=574137\" style=\"min-width:320px;height:1150px;\"><\/div>\n<p><!-- [et_pb_line_break_holder] --><script type=\"text\/javascript\" src=\"https:\/\/assets.calendly.com\/assets\/external\/widget.js\" async=\"\"><\/script><!-- [et_pb_line_break_holder] --><!-- Calendly inline widget end -->[\/et_pb_code][\/et_pb_column][\/et_pb_row][\/et_pb_section]<\/p>\n","protected":false},"excerpt":{"rendered":"<p>Neurodiversity Coaching &amp; MentoringGelebte Erfahrung. Fachliche Expertise.Echte Unterst\u00fctzung, die neurodivergente K\u00f6pfe dort abholt, wo sie sind.Egal, ob du pers\u00f6nlich mehr Klarheit und Kontrolle in deinem Leben suchst oder als Organisation Neurodiversit\u00e4t f\u00f6rdern m\u00f6chtest; ich biete dir Unterst\u00fctzung und L\u00f6sungen, die dir helfen, zu wachsen und aufzubl\u00fchen. Ich biete massgeschneiderte Coachings an, mit dem Ziel, dich [&hellip;]<\/p>\n","protected":false},"author":1,"featured_media":0,"parent":0,"menu_order":0,"comment_status":"closed","ping_status":"closed","template":"","meta":{"_et_pb_use_builder":"on","_et_pb_old_content":"","_et_gb_content_width":"","footnotes":""},"difl_page_category":[],"class_list":["post-1472","page","type-page","status-publish","hentry"],"yoast_head":"<!-- This site is optimized with the Yoast SEO plugin v27.2 - https:\/\/yoast.com\/product\/yoast-seo-wordpress\/ -->\n<title>Chantal San Miguel | Neurodiversity Coaching &amp; Mentoring<\/title>\n<meta name=\"description\" content=\"Neurodiversit\u00e4ts-Coaching f\u00fcr Frauen, M\u00fctter und Berufst\u00e4tige mit ADHS und Autismus \u2013 damit du im Leben und Beruf erfolgreich bist.\" \/>\n<meta name=\"robots\" content=\"index, follow, max-snippet:-1, max-image-preview:large, max-video-preview:-1\" \/>\n<link rel=\"canonical\" href=\"https:\/\/chantalsanmiguel.ch\/de\/\" \/>\n<meta property=\"og:locale\" content=\"de_DE\" \/>\n<meta property=\"og:type\" content=\"article\" \/>\n<meta property=\"og:title\" content=\"Chantal San Miguel | Neurodiversity Coaching &amp; Mentoring\" \/>\n<meta property=\"og:description\" content=\"Neurodiversit\u00e4ts-Coaching f\u00fcr Frauen, M\u00fctter und Berufst\u00e4tige mit ADHS und Autismus \u2013 damit du im Leben und Beruf erfolgreich bist.\" \/>\n<meta property=\"og:url\" content=\"https:\/\/chantalsanmiguel.ch\/de\/\" \/>\n<meta property=\"og:site_name\" content=\"Chantal San Miguel\" \/>\n<meta property=\"article:modified_time\" content=\"2026-01-19T13:00:33+00:00\" \/>\n<meta property=\"og:image\" content=\"https:\/\/chantalsanmiguel.ch\/wp-content\/uploads\/2024\/11\/Neurosparkle-Picture-Logo.png\" \/>\n\t<meta property=\"og:image:width\" content=\"500\" \/>\n\t<meta property=\"og:image:height\" content=\"500\" \/>\n\t<meta property=\"og:image:type\" content=\"image\/png\" \/>\n<meta name=\"twitter:card\" content=\"summary_large_image\" \/>\n<meta name=\"twitter:label1\" content=\"Gesch\u00e4tzte Lesezeit\" \/>\n\t<meta name=\"twitter:data1\" content=\"2\u00a0Minuten\" \/>\n<script type=\"application\/ld+json\" class=\"yoast-schema-graph\">{\"@context\":\"https:\/\/schema.org\",\"@graph\":[{\"@type\":\"WebPage\",\"@id\":\"https:\/\/chantalsanmiguel.ch\/de\/\",\"url\":\"https:\/\/chantalsanmiguel.ch\/de\/\",\"name\":\"Chantal San Miguel | Neurodiversity Coaching & Mentoring\",\"isPartOf\":{\"@id\":\"https:\/\/chantalsanmiguel.ch\/de\/#website\"},\"datePublished\":\"2024-11-08T12:39:53+00:00\",\"dateModified\":\"2026-01-19T13:00:33+00:00\",\"description\":\"Neurodiversit\u00e4ts-Coaching f\u00fcr Frauen, M\u00fctter und Berufst\u00e4tige mit ADHS und Autismus \u2013 damit du im Leben und Beruf erfolgreich bist.\",\"breadcrumb\":{\"@id\":\"https:\/\/chantalsanmiguel.ch\/de\/#breadcrumb\"},\"inLanguage\":\"de\",\"potentialAction\":[{\"@type\":\"ReadAction\",\"target\":[\"https:\/\/chantalsanmiguel.ch\/de\/\"]}]},{\"@type\":\"BreadcrumbList\",\"@id\":\"https:\/\/chantalsanmiguel.ch\/de\/#breadcrumb\",\"itemListElement\":[{\"@type\":\"ListItem\",\"position\":1,\"name\":\"Home\",\"item\":\"https:\/\/chantalsanmiguel.ch\/de\/\"},{\"@type\":\"ListItem\",\"position\":2,\"name\":\"Home\"}]},{\"@type\":\"WebSite\",\"@id\":\"https:\/\/chantalsanmiguel.ch\/de\/#website\",\"url\":\"https:\/\/chantalsanmiguel.ch\/de\/\",\"name\":\"Chantal San Miguel\",\"description\":\"Neurodiversity Coaching &amp; Mentoring\",\"publisher\":{\"@id\":\"https:\/\/chantalsanmiguel.ch\/de\/#organization\"},\"potentialAction\":[{\"@type\":\"SearchAction\",\"target\":{\"@type\":\"EntryPoint\",\"urlTemplate\":\"https:\/\/chantalsanmiguel.ch\/de\/?s={search_term_string}\"},\"query-input\":{\"@type\":\"PropertyValueSpecification\",\"valueRequired\":true,\"valueName\":\"search_term_string\"}}],\"inLanguage\":\"de\"},{\"@type\":\"Organization\",\"@id\":\"https:\/\/chantalsanmiguel.ch\/de\/#organization\",\"name\":\"Chantal San Miguel - Neurodiversity Coaching\",\"url\":\"https:\/\/chantalsanmiguel.ch\/de\/\",\"logo\":{\"@type\":\"ImageObject\",\"inLanguage\":\"de\",\"@id\":\"https:\/\/chantalsanmiguel.ch\/de\/#\/schema\/logo\/image\/\",\"url\":\"https:\/\/chantalsanmiguel.ch\/wp-content\/uploads\/2024\/11\/Neurosparkle-Picture-Logo.png\",\"contentUrl\":\"https:\/\/chantalsanmiguel.ch\/wp-content\/uploads\/2024\/11\/Neurosparkle-Picture-Logo.png\",\"width\":500,\"height\":500,\"caption\":\"Chantal San Miguel - Neurodiversity Coaching\"},\"image\":{\"@id\":\"https:\/\/chantalsanmiguel.ch\/de\/#\/schema\/logo\/image\/\"},\"sameAs\":[\"https:\/\/www.instagram.com\/neurosparkle.ch\/\",\"https:\/\/www.linkedin.com\/in\/chantal-san-miguel-8b452411a\/\"]}]}<\/script>\n<!-- \/ Yoast SEO plugin. -->","yoast_head_json":{"title":"Chantal San Miguel | Neurodiversity Coaching & Mentoring","description":"Neurodiversit\u00e4ts-Coaching f\u00fcr Frauen, M\u00fctter und Berufst\u00e4tige mit ADHS und Autismus \u2013 damit du im Leben und Beruf erfolgreich bist.","robots":{"index":"index","follow":"follow","max-snippet":"max-snippet:-1","max-image-preview":"max-image-preview:large","max-video-preview":"max-video-preview:-1"},"canonical":"https:\/\/chantalsanmiguel.ch\/de\/","og_locale":"de_DE","og_type":"article","og_title":"Chantal San Miguel | Neurodiversity Coaching & Mentoring","og_description":"Neurodiversit\u00e4ts-Coaching f\u00fcr Frauen, M\u00fctter und Berufst\u00e4tige mit ADHS und Autismus \u2013 damit du im Leben und Beruf erfolgreich bist.","og_url":"https:\/\/chantalsanmiguel.ch\/de\/","og_site_name":"Chantal San Miguel","article_modified_time":"2026-01-19T13:00:33+00:00","og_image":[{"width":500,"height":500,"url":"https:\/\/chantalsanmiguel.ch\/wp-content\/uploads\/2024\/11\/Neurosparkle-Picture-Logo.png","type":"image\/png"}],"twitter_card":"summary_large_image","twitter_misc":{"Gesch\u00e4tzte Lesezeit":"2\u00a0Minuten"},"schema":{"@context":"https:\/\/schema.org","@graph":[{"@type":"WebPage","@id":"https:\/\/chantalsanmiguel.ch\/de\/","url":"https:\/\/chantalsanmiguel.ch\/de\/","name":"Chantal San Miguel | Neurodiversity Coaching & Mentoring","isPartOf":{"@id":"https:\/\/chantalsanmiguel.ch\/de\/#website"},"datePublished":"2024-11-08T12:39:53+00:00","dateModified":"2026-01-19T13:00:33+00:00","description":"Neurodiversit\u00e4ts-Coaching f\u00fcr Frauen, M\u00fctter und Berufst\u00e4tige mit ADHS und Autismus \u2013 damit du im Leben und Beruf erfolgreich bist.","breadcrumb":{"@id":"https:\/\/chantalsanmiguel.ch\/de\/#breadcrumb"},"inLanguage":"de","potentialAction":[{"@type":"ReadAction","target":["https:\/\/chantalsanmiguel.ch\/de\/"]}]},{"@type":"BreadcrumbList","@id":"https:\/\/chantalsanmiguel.ch\/de\/#breadcrumb","itemListElement":[{"@type":"ListItem","position":1,"name":"Home","item":"https:\/\/chantalsanmiguel.ch\/de\/"},{"@type":"ListItem","position":2,"name":"Home"}]},{"@type":"WebSite","@id":"https:\/\/chantalsanmiguel.ch\/de\/#website","url":"https:\/\/chantalsanmiguel.ch\/de\/","name":"Chantal San Miguel","description":"Neurodiversity Coaching &amp; Mentoring","publisher":{"@id":"https:\/\/chantalsanmiguel.ch\/de\/#organization"},"potentialAction":[{"@type":"SearchAction","target":{"@type":"EntryPoint","urlTemplate":"https:\/\/chantalsanmiguel.ch\/de\/?s={search_term_string}"},"query-input":{"@type":"PropertyValueSpecification","valueRequired":true,"valueName":"search_term_string"}}],"inLanguage":"de"},{"@type":"Organization","@id":"https:\/\/chantalsanmiguel.ch\/de\/#organization","name":"Chantal San Miguel - Neurodiversity Coaching","url":"https:\/\/chantalsanmiguel.ch\/de\/","logo":{"@type":"ImageObject","inLanguage":"de","@id":"https:\/\/chantalsanmiguel.ch\/de\/#\/schema\/logo\/image\/","url":"https:\/\/chantalsanmiguel.ch\/wp-content\/uploads\/2024\/11\/Neurosparkle-Picture-Logo.png","contentUrl":"https:\/\/chantalsanmiguel.ch\/wp-content\/uploads\/2024\/11\/Neurosparkle-Picture-Logo.png","width":500,"height":500,"caption":"Chantal San Miguel - Neurodiversity Coaching"},"image":{"@id":"https:\/\/chantalsanmiguel.ch\/de\/#\/schema\/logo\/image\/"},"sameAs":["https:\/\/www.instagram.com\/neurosparkle.ch\/","https:\/\/www.linkedin.com\/in\/chantal-san-miguel-8b452411a\/"]}]}},"_links":{"self":[{"href":"https:\/\/chantalsanmiguel.ch\/de\/wp-json\/wp\/v2\/pages\/1472","targetHints":{"allow":["GET"]}}],"collection":[{"href":"https:\/\/chantalsanmiguel.ch\/de\/wp-json\/wp\/v2\/pages"}],"about":[{"href":"https:\/\/chantalsanmiguel.ch\/de\/wp-json\/wp\/v2\/types\/page"}],"author":[{"embeddable":true,"href":"https:\/\/chantalsanmiguel.ch\/de\/wp-json\/wp\/v2\/users\/1"}],"replies":[{"embeddable":true,"href":"https:\/\/chantalsanmiguel.ch\/de\/wp-json\/wp\/v2\/comments?post=1472"}],"version-history":[{"count":32,"href":"https:\/\/chantalsanmiguel.ch\/de\/wp-json\/wp\/v2\/pages\/1472\/revisions"}],"predecessor-version":[{"id":3416,"href":"https:\/\/chantalsanmiguel.ch\/de\/wp-json\/wp\/v2\/pages\/1472\/revisions\/3416"}],"wp:attachment":[{"href":"https:\/\/chantalsanmiguel.ch\/de\/wp-json\/wp\/v2\/media?parent=1472"}],"wp:term":[{"taxonomy":"difl_page_category","embeddable":true,"href":"https:\/\/chantalsanmiguel.ch\/de\/wp-json\/wp\/v2\/difl_page_category?post=1472"}],"curies":[{"name":"wp","href":"https:\/\/api.w.org\/{rel}","templated":true}]}}