{"id":1466,"date":"2024-11-08T13:40:36","date_gmt":"2024-11-08T12:40:36","guid":{"rendered":"https:\/\/chantalsanmiguel.ch\/chantal-san-miguel\/"},"modified":"2026-04-29T23:28:27","modified_gmt":"2026-04-29T21:28:27","slug":"chantal-san-miguel","status":"publish","type":"page","link":"https:\/\/chantalsanmiguel.ch\/de\/chantal-san-miguel\/","title":{"rendered":"Chantal San Miguel"},"content":{"rendered":"<p>[et_pb_section fb_built=&#8220;1&#8243; _builder_version=&#8220;4.27.6&#8243; _module_preset=&#8220;default&#8220; background_color=&#8220;gcid-primary-color&#8220; background_enable_image=&#8220;off&#8220; background_size=&#8220;contain&#8220; background_position=&#8220;center_left&#8220; background_horizontal_offset=&#8220;0%&#8220; min_height=&#8220;399px&#8220; global_colors_info=&#8220;{%22gcid-primary-color%22:%91%22background_color%22%93}&#8220;][et_pb_row column_structure=&#8220;1_3,2_3&#8243; _builder_version=&#8220;4.27.4&#8243; _module_preset=&#8220;default&#8220; max_width=&#8220;1200px&#8220; custom_padding=&#8220;10px||0px||false|false&#8220; global_colors_info=&#8220;{}&#8220;][et_pb_column type=&#8220;1_3&#8243; _builder_version=&#8220;4.27.2&#8243; _module_preset=&#8220;default&#8220; global_colors_info=&#8220;{}&#8220;][et_pb_image src=&#8220;https:\/\/chantalsanmiguel.ch\/wp-content\/uploads\/2025\/01\/32_JOA9801-1-1-1.jpg&#8220; title_text=&#8220;32_JOA9801 1 (1)&#8220; _builder_version=&#8220;4.27.4&#8243; _module_preset=&#8220;default&#8220; global_colors_info=&#8220;{}&#8220;][\/et_pb_image][\/et_pb_column][et_pb_column type=&#8220;2_3&#8243; _builder_version=&#8220;4.27.2&#8243; _module_preset=&#8220;default&#8220; global_colors_info=&#8220;{}&#8220;][et_pb_text _builder_version=&#8220;4.27.6&#8243; _module_preset=&#8220;default&#8220; global_colors_info=&#8220;{}&#8220;]Mein ganzes Leben lang hatte ich das Gef\u00fchl, gegen etwas anzuk\u00e4mpfen, das ich nicht wirklich benennen konnte. Ich war st\u00e4ndig mit \u00dcberforderung und Selbstzweifeln konfrontiert und habe nie ganz verstanden, warum vieles f\u00fcr mich schwieriger war als f\u00fcr andere.<\/p>\n<p>Die Bew\u00e4ltigungsstrategien, auf die ich mir jahrelang angeeignet hatte, begannen unter der Last vom Muttersein zu zerbrechen. Ein Neugeborenes zu versorgen, w\u00e4hrend ich mit den Anforderungen dieser neuen Rolle k\u00e4mpfte, zwang mich, mich endlich den tieferliegenden Herausforderungen zu stellen, die ich so lange versteckt hatte.  <\/p>\n<p>Das Verst\u00e4ndnis von Neurodiversit\u00e4t hat alles ver\u00e4ndert. Ich begann, meine Erfahrungen durch die Brille von ADHS und Autismus zu sehen, und pl\u00f6tzlich ergab vieles Sinn. <\/p>\n<p>Ich war schon immer fasziniert von Psychologie und von dem \u201eWarum\u201c hinter menschlichem Verhalten. Diese Neugier f\u00fchrte dazu, dass ich mich intensiv mit der Forschung besch\u00e4ftigte, mit PsychologInnen zusammenarbeitete und mich schliesslich zur Ausbildung als zertifizierter Neurodiversit\u00e4ts-Coach und Peer Mentor.[\/et_pb_text][\/et_pb_column][\/et_pb_row][et_pb_row column_structure=&#8220;1_3,2_3&#8243; _builder_version=&#8220;4.27.4&#8243; _module_preset=&#8220;default&#8220; max_width=&#8220;1200px&#8220; min_height=&#8220;524.8px&#8220; custom_padding=&#8220;10px||0px||false|false&#8220; global_colors_info=&#8220;{}&#8220;][et_pb_column type=&#8220;1_3&#8243; _builder_version=&#8220;4.27.2&#8243; _module_preset=&#8220;default&#8220; global_colors_info=&#8220;{}&#8220;][et_pb_image src=&#8220;https:\/\/chantalsanmiguel.ch\/wp-content\/uploads\/2026\/04\/13_A747890.jpg&#8220; title_text=&#8220;Chantal San Miguel&#8220; _builder_version=&#8220;4.27.5&#8243; _module_preset=&#8220;default&#8220; custom_margin=&#8220;60px||||false|false&#8220; global_colors_info=&#8220;{}&#8220;][\/et_pb_image][\/et_pb_column][et_pb_column type=&#8220;2_3&#8243; _builder_version=&#8220;4.27.2&#8243; _module_preset=&#8220;default&#8220; global_colors_info=&#8220;{}&#8220;][et_pb_text _builder_version=&#8220;4.27.6&#8243; _module_preset=&#8220;default&#8220; custom_padding=&#8220;60px|||||&#8220; global_colors_info=&#8220;{}&#8220;]Meine Karriere in der Unternehmenswelt war gepr\u00e4gt von Erfolgen, aber auch von stillen Herausforderungen. Sie hat mir aus erster Hand gezeigt, wie sich neurodivergente Eigenschaften in hochdynamischen und leistungsorientierten Umfeldern zeigen k\u00f6nnen, insbesondere f\u00fcr Frauen, die mehrere Rollen gleichzeitig vereinen. <\/p>\n<p>Mein Weg als Coach wird auch durch meine Leidenschaft f\u00fcr Reisen gepr\u00e4gt. Das Entdecken neuer Kulturen und das Lernen aus unterschiedlichen Perspektiven hat meine Sicht auf die Welt stark beeinflusst. <\/p>\n<p>Es hat mir gezeigt, wie wertvoll Vielfalt ist und wie viel St\u00e4rke in Unterschiedlichkeit liegt. Diese Erkenntnisse sind zentral geworden f\u00fcr meine Coaching Philosophie: <\/p>\n<p>Es gibt nicht den einen richtigen Weg im Leben, und Menschen verdienen den Raum, herauszufinden, was f\u00fcr sie funktioniert.<\/p>\n<p>Heute arbeite ich mit neurodivergenten Frauen, M\u00fcttern und Berufst\u00e4tigen. Viele von ihnen versuchen, sich selbst besser zu verstehen und Wege zu finden, die sich nachhaltiger und stimmiger anf\u00fchlen. <\/p>\n<p>Ob \u00dcberforderung, eine neue Diagnose oder das Navigieren mehrerer Rollen, meine Arbeit fokussiert sich auf Klarheit, Struktur und emotionale Regulation auf eine Weise, die sich mit dem echten Leben vereinbaren l\u00e4sst.[\/et_pb_text][\/et_pb_column][\/et_pb_row][et_pb_row _builder_version=&#8220;4.27.4&#8243; _module_preset=&#8220;default&#8220; max_width=&#8220;1200px&#8220; custom_padding=&#8220;10px||0px||false|false&#8220; global_colors_info=&#8220;{}&#8220;][et_pb_column type=&#8220;4_4&#8243; _builder_version=&#8220;4.27.2&#8243; _module_preset=&#8220;default&#8220; global_colors_info=&#8220;{}&#8220;][et_pb_button button_url=&#8220;https:\/\/chantalsanmiguel.ch\/de\/kontakt\/&#8220; button_text=&#8220;Kontakt aufnehmen&#8220; button_alignment=&#8220;right&#8220; _builder_version=&#8220;4.27.6&#8243; _module_preset=&#8220;default&#8220; hover_enabled=&#8220;0&#8243; box_shadow_style=&#8220;preset2&#8243; global_colors_info=&#8220;{}&#8220; sticky_enabled=&#8220;0&#8243;][\/et_pb_button][\/et_pb_column][\/et_pb_row][\/et_pb_section]<\/p>\n","protected":false},"excerpt":{"rendered":"<p>Mein ganzes Leben lang hatte ich das Gef\u00fchl, gegen etwas anzuk\u00e4mpfen, das ich nicht wirklich benennen konnte. Ich war st\u00e4ndig mit \u00dcberforderung und Selbstzweifeln konfrontiert und habe nie ganz verstanden, warum vieles f\u00fcr mich schwieriger war als f\u00fcr andere. Die Bew\u00e4ltigungsstrategien, auf die ich mir jahrelang angeeignet hatte, begannen unter der Last vom Muttersein zu [&hellip;]<\/p>\n","protected":false},"author":1,"featured_media":0,"parent":0,"menu_order":0,"comment_status":"closed","ping_status":"closed","template":"","meta":{"_et_pb_use_builder":"on","_et_pb_old_content":"","_et_gb_content_width":"","footnotes":""},"difl_page_category":[],"class_list":["post-1466","page","type-page","status-publish","hentry"],"yoast_head":"<!-- This site is optimized with the Yoast SEO plugin v27.4 - https:\/\/yoast.com\/product\/yoast-seo-wordpress\/ -->\n<title>\u00dcber Chantal San Miguel | Neurodiversit\u00e4ts-Coach ADHS &amp; Autismus<\/title>\n<meta name=\"description\" content=\"Neurodiversit\u00e4ts-Coach, Unterst\u00fctzung f\u00fcr Frauen, M\u00fctter und Berufst\u00e4tige mit ADHS und Autismus. Praktische Hilfe bei \u00dcberforderung, emotionaler Regulation und nachhaltigen Lebens und Arbeitsweisen.\" \/>\n<meta name=\"robots\" content=\"index, follow, max-snippet:-1, max-image-preview:large, max-video-preview:-1\" \/>\n<link rel=\"canonical\" href=\"https:\/\/chantalsanmiguel.ch\/de\/chantal-san-miguel\/\" \/>\n<meta property=\"og:locale\" content=\"de_DE\" \/>\n<meta property=\"og:type\" content=\"article\" \/>\n<meta property=\"og:title\" content=\"\u00dcber Chantal San Miguel | Neurodiversit\u00e4ts-Coach ADHS &amp; Autismus\" \/>\n<meta property=\"og:description\" content=\"Neurodiversit\u00e4ts-Coach, Unterst\u00fctzung f\u00fcr Frauen, M\u00fctter und Berufst\u00e4tige mit ADHS und Autismus. Praktische Hilfe bei \u00dcberforderung, emotionaler Regulation und nachhaltigen Lebens und Arbeitsweisen.\" \/>\n<meta property=\"og:url\" content=\"https:\/\/chantalsanmiguel.ch\/de\/chantal-san-miguel\/\" \/>\n<meta property=\"og:site_name\" content=\"Chantal San Miguel\" \/>\n<meta property=\"article:modified_time\" content=\"2026-04-29T21:28:27+00:00\" \/>\n<meta property=\"og:image\" content=\"https:\/\/chantalsanmiguel.ch\/wp-content\/uploads\/2024\/11\/Neurosparkle-Picture-Logo.png\" \/>\n\t<meta property=\"og:image:width\" content=\"500\" \/>\n\t<meta property=\"og:image:height\" content=\"500\" \/>\n\t<meta property=\"og:image:type\" content=\"image\/png\" \/>\n<meta name=\"twitter:card\" content=\"summary_large_image\" \/>\n<meta name=\"twitter:label1\" content=\"Gesch\u00e4tzte Lesezeit\" \/>\n\t<meta name=\"twitter:data1\" content=\"2\u00a0Minuten\" \/>\n<script type=\"application\/ld+json\" class=\"yoast-schema-graph\">{\"@context\":\"https:\\\/\\\/schema.org\",\"@graph\":[{\"@type\":\"WebPage\",\"@id\":\"https:\\\/\\\/chantalsanmiguel.ch\\\/de\\\/chantal-san-miguel\\\/\",\"url\":\"https:\\\/\\\/chantalsanmiguel.ch\\\/de\\\/chantal-san-miguel\\\/\",\"name\":\"\u00dcber Chantal San Miguel | Neurodiversit\u00e4ts-Coach ADHS & Autismus\",\"isPartOf\":{\"@id\":\"https:\\\/\\\/chantalsanmiguel.ch\\\/de\\\/#website\"},\"datePublished\":\"2024-11-08T12:40:36+00:00\",\"dateModified\":\"2026-04-29T21:28:27+00:00\",\"description\":\"Neurodiversit\u00e4ts-Coach, Unterst\u00fctzung f\u00fcr Frauen, M\u00fctter und Berufst\u00e4tige mit ADHS und Autismus. Praktische Hilfe bei \u00dcberforderung, emotionaler Regulation und nachhaltigen Lebens und Arbeitsweisen.\",\"breadcrumb\":{\"@id\":\"https:\\\/\\\/chantalsanmiguel.ch\\\/de\\\/chantal-san-miguel\\\/#breadcrumb\"},\"inLanguage\":\"de\",\"potentialAction\":[{\"@type\":\"ReadAction\",\"target\":[\"https:\\\/\\\/chantalsanmiguel.ch\\\/de\\\/chantal-san-miguel\\\/\"]}]},{\"@type\":\"BreadcrumbList\",\"@id\":\"https:\\\/\\\/chantalsanmiguel.ch\\\/de\\\/chantal-san-miguel\\\/#breadcrumb\",\"itemListElement\":[{\"@type\":\"ListItem\",\"position\":1,\"name\":\"Home\",\"item\":\"https:\\\/\\\/chantalsanmiguel.ch\\\/de\\\/home\\\/\"},{\"@type\":\"ListItem\",\"position\":2,\"name\":\"Chantal San Miguel\"}]},{\"@type\":\"WebSite\",\"@id\":\"https:\\\/\\\/chantalsanmiguel.ch\\\/de\\\/#website\",\"url\":\"https:\\\/\\\/chantalsanmiguel.ch\\\/de\\\/\",\"name\":\"Chantal San Miguel\",\"description\":\"Neurodiversity Coaching &amp; Mentoring\",\"publisher\":{\"@id\":\"https:\\\/\\\/chantalsanmiguel.ch\\\/de\\\/#organization\"},\"potentialAction\":[{\"@type\":\"SearchAction\",\"target\":{\"@type\":\"EntryPoint\",\"urlTemplate\":\"https:\\\/\\\/chantalsanmiguel.ch\\\/de\\\/?s={search_term_string}\"},\"query-input\":{\"@type\":\"PropertyValueSpecification\",\"valueRequired\":true,\"valueName\":\"search_term_string\"}}],\"inLanguage\":\"de\"},{\"@type\":\"Organization\",\"@id\":\"https:\\\/\\\/chantalsanmiguel.ch\\\/de\\\/#organization\",\"name\":\"Chantal San Miguel - Neurodiversity Coaching\",\"url\":\"https:\\\/\\\/chantalsanmiguel.ch\\\/de\\\/\",\"logo\":{\"@type\":\"ImageObject\",\"inLanguage\":\"de\",\"@id\":\"https:\\\/\\\/chantalsanmiguel.ch\\\/de\\\/#\\\/schema\\\/logo\\\/image\\\/\",\"url\":\"https:\\\/\\\/chantalsanmiguel.ch\\\/wp-content\\\/uploads\\\/2024\\\/11\\\/Neurosparkle-Picture-Logo.png\",\"contentUrl\":\"https:\\\/\\\/chantalsanmiguel.ch\\\/wp-content\\\/uploads\\\/2024\\\/11\\\/Neurosparkle-Picture-Logo.png\",\"width\":500,\"height\":500,\"caption\":\"Chantal San Miguel - Neurodiversity Coaching\"},\"image\":{\"@id\":\"https:\\\/\\\/chantalsanmiguel.ch\\\/de\\\/#\\\/schema\\\/logo\\\/image\\\/\"},\"sameAs\":[\"https:\\\/\\\/www.instagram.com\\\/neurosparkle.ch\\\/\",\"https:\\\/\\\/www.linkedin.com\\\/in\\\/chantal-san-miguel-8b452411a\\\/\"]}]}<\/script>\n<!-- \/ Yoast SEO plugin. -->","yoast_head_json":{"title":"\u00dcber Chantal San Miguel | Neurodiversit\u00e4ts-Coach ADHS & Autismus","description":"Neurodiversit\u00e4ts-Coach, Unterst\u00fctzung f\u00fcr Frauen, M\u00fctter und Berufst\u00e4tige mit ADHS und Autismus. Praktische Hilfe bei \u00dcberforderung, emotionaler Regulation und nachhaltigen Lebens und Arbeitsweisen.","robots":{"index":"index","follow":"follow","max-snippet":"max-snippet:-1","max-image-preview":"max-image-preview:large","max-video-preview":"max-video-preview:-1"},"canonical":"https:\/\/chantalsanmiguel.ch\/de\/chantal-san-miguel\/","og_locale":"de_DE","og_type":"article","og_title":"\u00dcber Chantal San Miguel | Neurodiversit\u00e4ts-Coach ADHS & Autismus","og_description":"Neurodiversit\u00e4ts-Coach, Unterst\u00fctzung f\u00fcr Frauen, M\u00fctter und Berufst\u00e4tige mit ADHS und Autismus. Praktische Hilfe bei \u00dcberforderung, emotionaler Regulation und nachhaltigen Lebens und Arbeitsweisen.","og_url":"https:\/\/chantalsanmiguel.ch\/de\/chantal-san-miguel\/","og_site_name":"Chantal San Miguel","article_modified_time":"2026-04-29T21:28:27+00:00","og_image":[{"width":500,"height":500,"url":"https:\/\/chantalsanmiguel.ch\/wp-content\/uploads\/2024\/11\/Neurosparkle-Picture-Logo.png","type":"image\/png"}],"twitter_card":"summary_large_image","twitter_misc":{"Gesch\u00e4tzte Lesezeit":"2\u00a0Minuten"},"schema":{"@context":"https:\/\/schema.org","@graph":[{"@type":"WebPage","@id":"https:\/\/chantalsanmiguel.ch\/de\/chantal-san-miguel\/","url":"https:\/\/chantalsanmiguel.ch\/de\/chantal-san-miguel\/","name":"\u00dcber Chantal San Miguel | Neurodiversit\u00e4ts-Coach ADHS & Autismus","isPartOf":{"@id":"https:\/\/chantalsanmiguel.ch\/de\/#website"},"datePublished":"2024-11-08T12:40:36+00:00","dateModified":"2026-04-29T21:28:27+00:00","description":"Neurodiversit\u00e4ts-Coach, Unterst\u00fctzung f\u00fcr Frauen, M\u00fctter und Berufst\u00e4tige mit ADHS und Autismus. Praktische Hilfe bei \u00dcberforderung, emotionaler Regulation und nachhaltigen Lebens und Arbeitsweisen.","breadcrumb":{"@id":"https:\/\/chantalsanmiguel.ch\/de\/chantal-san-miguel\/#breadcrumb"},"inLanguage":"de","potentialAction":[{"@type":"ReadAction","target":["https:\/\/chantalsanmiguel.ch\/de\/chantal-san-miguel\/"]}]},{"@type":"BreadcrumbList","@id":"https:\/\/chantalsanmiguel.ch\/de\/chantal-san-miguel\/#breadcrumb","itemListElement":[{"@type":"ListItem","position":1,"name":"Home","item":"https:\/\/chantalsanmiguel.ch\/de\/home\/"},{"@type":"ListItem","position":2,"name":"Chantal San Miguel"}]},{"@type":"WebSite","@id":"https:\/\/chantalsanmiguel.ch\/de\/#website","url":"https:\/\/chantalsanmiguel.ch\/de\/","name":"Chantal San Miguel","description":"Neurodiversity Coaching &amp; Mentoring","publisher":{"@id":"https:\/\/chantalsanmiguel.ch\/de\/#organization"},"potentialAction":[{"@type":"SearchAction","target":{"@type":"EntryPoint","urlTemplate":"https:\/\/chantalsanmiguel.ch\/de\/?s={search_term_string}"},"query-input":{"@type":"PropertyValueSpecification","valueRequired":true,"valueName":"search_term_string"}}],"inLanguage":"de"},{"@type":"Organization","@id":"https:\/\/chantalsanmiguel.ch\/de\/#organization","name":"Chantal San Miguel - Neurodiversity Coaching","url":"https:\/\/chantalsanmiguel.ch\/de\/","logo":{"@type":"ImageObject","inLanguage":"de","@id":"https:\/\/chantalsanmiguel.ch\/de\/#\/schema\/logo\/image\/","url":"https:\/\/chantalsanmiguel.ch\/wp-content\/uploads\/2024\/11\/Neurosparkle-Picture-Logo.png","contentUrl":"https:\/\/chantalsanmiguel.ch\/wp-content\/uploads\/2024\/11\/Neurosparkle-Picture-Logo.png","width":500,"height":500,"caption":"Chantal San Miguel - Neurodiversity Coaching"},"image":{"@id":"https:\/\/chantalsanmiguel.ch\/de\/#\/schema\/logo\/image\/"},"sameAs":["https:\/\/www.instagram.com\/neurosparkle.ch\/","https:\/\/www.linkedin.com\/in\/chantal-san-miguel-8b452411a\/"]}]}},"_links":{"self":[{"href":"https:\/\/chantalsanmiguel.ch\/de\/wp-json\/wp\/v2\/pages\/1466","targetHints":{"allow":["GET"]}}],"collection":[{"href":"https:\/\/chantalsanmiguel.ch\/de\/wp-json\/wp\/v2\/pages"}],"about":[{"href":"https:\/\/chantalsanmiguel.ch\/de\/wp-json\/wp\/v2\/types\/page"}],"author":[{"embeddable":true,"href":"https:\/\/chantalsanmiguel.ch\/de\/wp-json\/wp\/v2\/users\/1"}],"replies":[{"embeddable":true,"href":"https:\/\/chantalsanmiguel.ch\/de\/wp-json\/wp\/v2\/comments?post=1466"}],"version-history":[{"count":39,"href":"https:\/\/chantalsanmiguel.ch\/de\/wp-json\/wp\/v2\/pages\/1466\/revisions"}],"predecessor-version":[{"id":4587,"href":"https:\/\/chantalsanmiguel.ch\/de\/wp-json\/wp\/v2\/pages\/1466\/revisions\/4587"}],"wp:attachment":[{"href":"https:\/\/chantalsanmiguel.ch\/de\/wp-json\/wp\/v2\/media?parent=1466"}],"wp:term":[{"taxonomy":"difl_page_category","embeddable":true,"href":"https:\/\/chantalsanmiguel.ch\/de\/wp-json\/wp\/v2\/difl_page_category?post=1466"}],"curies":[{"name":"wp","href":"https:\/\/api.w.org\/{rel}","templated":true}]}}