{"id":1449,"date":"2024-11-08T13:40:18","date_gmt":"2024-11-08T12:40:18","guid":{"rendered":"https:\/\/chantalsanmiguel.ch\/service\/"},"modified":"2026-04-29T23:25:17","modified_gmt":"2026-04-29T21:25:17","slug":"service","status":"publish","type":"page","link":"https:\/\/chantalsanmiguel.ch\/de\/service\/","title":{"rendered":"Service"},"content":{"rendered":"<p>[et_pb_section fb_built=&#8220;1&#8243; admin_label=&#8220;Header&#8220; _builder_version=&#8220;4.27.4&#8243; _module_preset=&#8220;default&#8220; background_color=&#8220;gcid-secondary-color&#8220; collapsed=&#8220;on&#8220; global_colors_info=&#8220;{%22gcid-secondary-color%22:%91%22background_color%22%93}&#8220;][et_pb_row _builder_version=&#8220;4.27.6&#8243; _module_preset=&#8220;default&#8220; max_width=&#8220;80%&#8220; global_colors_info=&#8220;{}&#8220;][et_pb_column type=&#8220;4_4&#8243; _builder_version=&#8220;4.22.0&#8243; _module_preset=&#8220;default&#8220; global_colors_info=&#8220;{}&#8220;][et_pb_text _builder_version=&#8220;4.27.6&#8243; _module_preset=&#8220;5605408f-52b6-4ff6-a1c5-f35e68d20bbf&#8220; text_font_size=&#8220;50px&#8220; text_line_height=&#8220;1.1em&#8220; global_colors_info=&#8220;{}&#8220;]<\/p>\n<p style=\"text-align: center;\">Coaching und Mentoring Services<\/p>\n<p>[\/et_pb_text][\/et_pb_column][\/et_pb_row][et_pb_row _builder_version=&#8220;4.27.6&#8243; _module_preset=&#8220;default&#8220; max_width=&#8220;80%&#8220; global_colors_info=&#8220;{}&#8220;][et_pb_column type=&#8220;4_4&#8243; _builder_version=&#8220;4.27.2&#8243; _module_preset=&#8220;default&#8220; global_colors_info=&#8220;{}&#8220;][et_pb_text _builder_version=&#8220;4.27.6&#8243; _module_preset=&#8220;default&#8220; text_line_height=&#8220;1.4em&#8220; custom_padding=&#8220;|0px||||&#8220; global_colors_info=&#8220;{}&#8220;]Ich arbeite mit neurodivergenten Menschen sowie Organisationen, die sich mehr Klarheit, Unterst\u00fctzung und nachhaltige Ver\u00e4nderung in ihrem Leben und Arbeiten w\u00fcnschen. <\/p>\n<p>Ob du gerade pers\u00f6nliche Herausforderungen bew\u00e4ltigst oder inklusivere Umgebungen schaffen m\u00f6chtest \u2013 meine Arbeit ist bodenst\u00e4ndig, realistisch und auf deine Situation abgestimmt. [\/et_pb_text][\/et_pb_column][\/et_pb_row][et_pb_row _builder_version=&#8220;4.27.6&#8243; _module_preset=&#8220;default&#8220; max_width=&#8220;80%&#8220; global_colors_info=&#8220;{}&#8220;][et_pb_column type=&#8220;4_4&#8243; _builder_version=&#8220;4.27.6&#8243; _module_preset=&#8220;default&#8220; global_colors_info=&#8220;{}&#8220;][et_pb_text _builder_version=&#8220;4.27.6&#8243; _module_preset=&#8220;5605408f-52b6-4ff6-a1c5-f35e68d20bbf&#8220; text_font_size=&#8220;35px&#8220; text_line_height=&#8220;1.4em&#8220; global_colors_info=&#8220;{}&#8220;]F\u00fcr Frauen und M\u00fctter[\/et_pb_text][\/et_pb_column][\/et_pb_row][et_pb_row column_structure=&#8220;1_5,3_5,1_5&#8243; _builder_version=&#8220;4.27.6&#8243; _module_preset=&#8220;default&#8220; max_width=&#8220;80%&#8220; min_height=&#8220;183.5px&#8220; global_colors_info=&#8220;{}&#8220;][et_pb_column type=&#8220;1_5&#8243; _builder_version=&#8220;4.27.2&#8243; _module_preset=&#8220;default&#8220; global_colors_info=&#8220;{}&#8220;][et_pb_image src=&#8220;https:\/\/chantalsanmiguel.ch\/wp-content\/uploads\/2024\/11\/1.png&#8220; title_text=&#8220;1&#8243; _builder_version=&#8220;4.27.2&#8243; _module_preset=&#8220;default&#8220; width=&#8220;100%&#8220; max_width=&#8220;100%&#8220; custom_padding=&#8220;|0px|||false|false&#8220; global_colors_info=&#8220;{}&#8220;][\/et_pb_image][\/et_pb_column][et_pb_column type=&#8220;3_5&#8243; _builder_version=&#8220;4.27.2&#8243; _module_preset=&#8220;default&#8220; global_colors_info=&#8220;{}&#8220;][et_pb_text _builder_version=&#8220;4.27.6&#8243; _module_preset=&#8220;default&#8220; text_line_height=&#8220;1.4em&#8220; link_font=&#8220;||on||||||&#8220; link_text_color=&#8220;gcid-17e84769-d877-474e-97dd-b1bdd5a51e07&#8243; width=&#8220;100%&#8220; global_colors_info=&#8220;{%22gcid-heading-color%22:%91%22header_3_text_color%22,%22header_2_text_color%22,%22header_text_color%22%93,%22gcid-17e84769-d877-474e-97dd-b1bdd5a51e07%22:%91%22link_text_color%22%93}&#8220;]<\/p>\n<p>Ich bin \u00fcberzeugt, dass Frauen und M\u00fctter mit neurodivergenten Denkweisen mehr verdienen als nur den Alltag zu \u00fcberstehen. <br \/>Sie verdienen es, zu verstehen, wie ihr Gehirn funktioniert, und ein Leben aufzubauen, das sich nachhaltig und stimmig mit dem anf\u00fchlt, was sie sind. <br \/>Meine Arbeit hilft dir, \u00dcberforderung, Selbstzweifel und Ersch\u00f6pfung besser einzuordnen und unterst\u00fctzt dich dabei, mehr Klarheit, Struktur und Selbstvertrauen im Alltag zu entwickeln.<\/p>\n<p>Wenn dich das anspricht, <strong><a href=\"https:\/\/chantalsanmiguel.ch\/de\/kontakt\/\">melde dich gerne bei mir.<\/a><\/strong> <\/p>\n<p>[\/et_pb_text][\/et_pb_column][et_pb_column type=&#8220;1_5&#8243; _builder_version=&#8220;4.27.2&#8243; _module_preset=&#8220;default&#8220; global_colors_info=&#8220;{}&#8220;][et_pb_button button_url=&#8220;https:\/\/chantalsanmiguel.ch\/de\/fuer-frauen-und-muetter\/&#8220; button_text=&#8220;Mit mir arbeiten&#8220; button_alignment=&#8220;center&#8220; _builder_version=&#8220;4.27.6&#8243; _module_preset=&#8220;default&#8220; custom_margin=&#8220;60px|-40px|0px|-50px|false|false&#8220; custom_padding=&#8220;10px|10px|10px|10px|false|false&#8220; hover_enabled=&#8220;0&#8243; box_shadow_style=&#8220;preset2&#8243; global_colors_info=&#8220;{}&#8220; sticky_enabled=&#8220;0&#8243;][\/et_pb_button][\/et_pb_column][\/et_pb_row][et_pb_row _builder_version=&#8220;4.27.6&#8243; _module_preset=&#8220;default&#8220; max_width=&#8220;80%&#8220; global_colors_info=&#8220;{}&#8220;][et_pb_column type=&#8220;4_4&#8243; _builder_version=&#8220;4.27.6&#8243; _module_preset=&#8220;default&#8220; global_colors_info=&#8220;{}&#8220;][et_pb_text _builder_version=&#8220;4.27.6&#8243; _module_preset=&#8220;5605408f-52b6-4ff6-a1c5-f35e68d20bbf&#8220; text_font_size=&#8220;35px&#8220; text_line_height=&#8220;1.4em&#8220; global_colors_info=&#8220;{}&#8220;]F\u00fcr Organisationen[\/et_pb_text][\/et_pb_column][\/et_pb_row][et_pb_row column_structure=&#8220;1_5,3_5,1_5&#8243; _builder_version=&#8220;4.27.6&#8243; _module_preset=&#8220;default&#8220; max_width=&#8220;80%&#8220; global_colors_info=&#8220;{}&#8220;][et_pb_column type=&#8220;1_5&#8243; _builder_version=&#8220;4.27.2&#8243; _module_preset=&#8220;default&#8220; global_colors_info=&#8220;{}&#8220;][et_pb_image src=&#8220;https:\/\/chantalsanmiguel.ch\/wp-content\/uploads\/2024\/11\/4-3.png&#8220; title_text=&#8220;4&#8243; _builder_version=&#8220;4.27.2&#8243; _module_preset=&#8220;default&#8220; width=&#8220;100%&#8220; max_width=&#8220;100%&#8220; custom_margin=&#8220;0px|||0px|false|false&#8220; custom_padding=&#8220;0px|0px|0px||false|false&#8220; global_colors_info=&#8220;{}&#8220;][\/et_pb_image][\/et_pb_column][et_pb_column type=&#8220;3_5&#8243; _builder_version=&#8220;4.27.2&#8243; _module_preset=&#8220;default&#8220; global_colors_info=&#8220;{}&#8220;][et_pb_text _builder_version=&#8220;4.27.6&#8243; _module_preset=&#8220;default&#8220; text_line_height=&#8220;1.4em&#8220; link_font=&#8220;||on||||||&#8220; link_text_color=&#8220;gcid-17e84769-d877-474e-97dd-b1bdd5a51e07&#8243; width=&#8220;100%&#8220; global_colors_info=&#8220;{%22gcid-heading-color%22:%91%22header_3_text_color%22,%22header_2_text_color%22,%22header_text_color%22%93,%22gcid-17e84769-d877-474e-97dd-b1bdd5a51e07%22:%91%22link_text_color%22%93}&#8220;]<\/p>\n<p>Ich unterst\u00fctze Organisationen, Schulen und Unternehmen dabei, Umgebungen zu schaffen, in denen neurodivergente Menschen auf eine Weise arbeiten und denken k\u00f6nnen, die ihrem nat\u00fcrlichen Stil entspricht. <br \/>Das verbessert die Zusammenarbeit, reduziert Reibung im Arbeitsalltag und f\u00f6rdert nachhaltigere Arbeitsweisen. <br \/>Der Fokus liegt nicht nur auf Bewusstsein, sondern auf konkreten, praktischen Ver\u00e4nderungen im t\u00e4glichen Handeln von Teams, F\u00fchrungskr\u00e4ften und Systemen.<\/p>\n<p>Wenn du dieses Thema f\u00fcr dein Team oder deine Organisation weiter vertiefen m\u00f6chtest, <strong><a href=\"https:\/\/chantalsanmiguel.ch\/de\/kontakt\/\">melde dich gerne bei mir.<\/a><\/strong><\/p>\n<p>[\/et_pb_text][\/et_pb_column][et_pb_column type=&#8220;1_5&#8243; _builder_version=&#8220;4.27.2&#8243; _module_preset=&#8220;default&#8220; global_colors_info=&#8220;{}&#8220;][et_pb_button button_url=&#8220;https:\/\/chantalsanmiguel.ch\/de\/fuer-organisationen\/&#8220; button_text=&#8220;Angebot entdecken&#8220; button_alignment=&#8220;center&#8220; _builder_version=&#8220;4.27.6&#8243; _module_preset=&#8220;default&#8220; custom_margin=&#8220;55px|-40px|0px|-50px|false|false&#8220; custom_padding=&#8220;10px|10px|10px|10px|false|false&#8220; box_shadow_style=&#8220;preset2&#8243; global_colors_info=&#8220;{}&#8220;][\/et_pb_button][\/et_pb_column][\/et_pb_row][et_pb_row _builder_version=&#8220;4.27.6&#8243; _module_preset=&#8220;default&#8220; max_width=&#8220;80%&#8220; global_colors_info=&#8220;{}&#8220;][et_pb_column type=&#8220;4_4&#8243; _builder_version=&#8220;4.27.6&#8243; _module_preset=&#8220;default&#8220; global_colors_info=&#8220;{}&#8220;][et_pb_text _builder_version=&#8220;4.27.6&#8243; _module_preset=&#8220;5605408f-52b6-4ff6-a1c5-f35e68d20bbf&#8220; text_font_size=&#8220;35px&#8220; text_line_height=&#8220;1.4em&#8220; global_colors_info=&#8220;{}&#8220;]Professionelle Zusammenarbeit[\/et_pb_text][\/et_pb_column][\/et_pb_row][et_pb_row column_structure=&#8220;1_5,3_5,1_5&#8243; _builder_version=&#8220;4.27.6&#8243; _module_preset=&#8220;default&#8220; max_width=&#8220;80%&#8220; custom_padding=&#8220;30px|||||&#8220; global_colors_info=&#8220;{}&#8220;][et_pb_column type=&#8220;1_5&#8243; _builder_version=&#8220;4.27.2&#8243; _module_preset=&#8220;default&#8220; global_colors_info=&#8220;{}&#8220;][et_pb_image src=&#8220;https:\/\/chantalsanmiguel.ch\/wp-content\/uploads\/2024\/11\/7.png&#8220; title_text=&#8220;7&#8243; _builder_version=&#8220;4.27.2&#8243; _module_preset=&#8220;default&#8220; width=&#8220;100%&#8220; max_width=&#8220;100%&#8220; custom_margin=&#8220;40px|||0px|false|false&#8220; custom_padding=&#8220;0px|0px|0px||false|false&#8220; global_colors_info=&#8220;{}&#8220;][\/et_pb_image][\/et_pb_column][et_pb_column type=&#8220;3_5&#8243; _builder_version=&#8220;4.27.2&#8243; _module_preset=&#8220;default&#8220; global_colors_info=&#8220;{}&#8220;][et_pb_text _builder_version=&#8220;4.27.6&#8243; _module_preset=&#8220;default&#8220; text_line_height=&#8220;1.4em&#8220; width=&#8220;100%&#8220; global_colors_info=&#8220;{}&#8220;]<\/p>\n<p>Zusammenarbeit ist ein integraler Bestandteil meiner Arbeit.<br \/>Ich arbeite mit vertrauensw\u00fcrdigen Psychologinnen, Psychiatern und Organisationen im Bereich Neurodiversit\u00e4t zusammen, um Coaching bei Bedarf durch klinische und systemische Perspektiven zu erg\u00e4nzen.<\/p>\n<p>[\/et_pb_text][\/et_pb_column][et_pb_column type=&#8220;1_5&#8243; _builder_version=&#8220;4.27.2&#8243; _module_preset=&#8220;default&#8220; global_colors_info=&#8220;{}&#8220;][et_pb_button button_url=&#8220;https:\/\/chantalsanmiguel.ch\/de\/professionelle-zusammenarbeit\/&#8220; button_text=&#8220;Mehr erfahren&#8220; button_alignment=&#8220;center&#8220; _builder_version=&#8220;4.27.6&#8243; _module_preset=&#8220;default&#8220; custom_margin=&#8220;100px|-40px|0px|-50px|false|false&#8220; custom_padding=&#8220;10px|10px|10px|10px|false|false&#8220; hover_enabled=&#8220;0&#8243; box_shadow_style=&#8220;preset2&#8243; global_colors_info=&#8220;{}&#8220; sticky_enabled=&#8220;0&#8243;][\/et_pb_button][\/et_pb_column][\/et_pb_row][et_pb_row _builder_version=&#8220;4.27.6&#8243; _module_preset=&#8220;default&#8220; max_width=&#8220;80%&#8220; global_colors_info=&#8220;{}&#8220;][et_pb_column type=&#8220;4_4&#8243; _builder_version=&#8220;4.27.6&#8243; _module_preset=&#8220;default&#8220; global_colors_info=&#8220;{}&#8220;][et_pb_text _builder_version=&#8220;4.27.6&#8243; _module_preset=&#8220;5605408f-52b6-4ff6-a1c5-f35e68d20bbf&#8220; text_font_size=&#8220;35px&#8220; text_line_height=&#8220;1.4em&#8220; global_colors_info=&#8220;{}&#8220;]H\u00e4ufig gestellte Fragen[\/et_pb_text][\/et_pb_column][\/et_pb_row][et_pb_row column_structure=&#8220;1_5,3_5,1_5&#8243; _builder_version=&#8220;4.27.6&#8243; _module_preset=&#8220;default&#8220; max_width=&#8220;80%&#8220; min_height=&#8220;223.9px&#8220; custom_padding=&#8220;0px|||||&#8220; global_colors_info=&#8220;{}&#8220;][et_pb_column type=&#8220;1_5&#8243; _builder_version=&#8220;4.27.2&#8243; _module_preset=&#8220;default&#8220; global_colors_info=&#8220;{}&#8220;][et_pb_image src=&#8220;https:\/\/chantalsanmiguel.ch\/wp-content\/uploads\/2024\/11\/10.png&#8220; title_text=&#8220;10&#8243; _builder_version=&#8220;4.27.2&#8243; _module_preset=&#8220;default&#8220; width=&#8220;100%&#8220; max_width=&#8220;100%&#8220; custom_margin=&#8220;40px|||0px|false|false&#8220; custom_padding=&#8220;0px|0px|0px||false|false&#8220; global_colors_info=&#8220;{}&#8220;][\/et_pb_image][\/et_pb_column][et_pb_column type=&#8220;3_5&#8243; _builder_version=&#8220;4.27.2&#8243; _module_preset=&#8220;default&#8220; global_colors_info=&#8220;{}&#8220;][et_pb_text _builder_version=&#8220;4.27.6&#8243; _module_preset=&#8220;default&#8220; text_line_height=&#8220;1.4em&#8220; global_colors_info=&#8220;{}&#8220;]Antworten auf h\u00e4ufig gestellte Fragen[\/et_pb_text][\/et_pb_column][et_pb_column type=&#8220;1_5&#8243; _builder_version=&#8220;4.27.2&#8243; _module_preset=&#8220;default&#8220; global_colors_info=&#8220;{}&#8220;][et_pb_button button_url=&#8220;https:\/\/chantalsanmiguel.ch\/de\/haeufige-fragen\/&#8220; button_text=&#8220;FAQ ansehen&#8220; button_alignment=&#8220;center&#8220; _builder_version=&#8220;4.27.6&#8243; _module_preset=&#8220;default&#8220; custom_margin=&#8220;90px|-40px|0px|-50px|false|false&#8220; custom_padding=&#8220;10px|8px|10px|8px|false|false&#8220; hover_enabled=&#8220;0&#8243; box_shadow_style=&#8220;preset2&#8243; global_colors_info=&#8220;{}&#8220; sticky_enabled=&#8220;0&#8243;][\/et_pb_button][\/et_pb_column][\/et_pb_row][\/et_pb_section]<\/p>\n","protected":false},"excerpt":{"rendered":"<p>Coaching und Mentoring ServicesIch arbeite mit neurodivergenten Menschen sowie Organisationen, die sich mehr Klarheit, Unterst\u00fctzung und nachhaltige Ver\u00e4nderung in ihrem Leben und Arbeiten w\u00fcnschen. Ob du gerade pers\u00f6nliche Herausforderungen bew\u00e4ltigst oder inklusivere Umgebungen schaffen m\u00f6chtest \u2013 meine Arbeit ist bodenst\u00e4ndig, realistisch und auf deine Situation abgestimmt. F\u00fcr Frauen und M\u00fctterIch bin \u00fcberzeugt, dass Frauen und [&hellip;]<\/p>\n","protected":false},"author":1,"featured_media":0,"parent":0,"menu_order":0,"comment_status":"closed","ping_status":"closed","template":"","meta":{"_et_pb_use_builder":"on","_et_pb_old_content":"","_et_gb_content_width":"","footnotes":""},"difl_page_category":[],"class_list":["post-1449","page","type-page","status-publish","hentry"],"yoast_head":"<!-- This site is optimized with the Yoast SEO plugin v27.4 - https:\/\/yoast.com\/product\/yoast-seo-wordpress\/ -->\n<title>Neurodiversit\u00e4ts-Coaching | ADHS &amp; Autismus Unterst\u00fctzung in der Schweiz<\/title>\n<meta name=\"description\" content=\"Neurodiversit\u00e4ts-Coaching und Mentoring f\u00fcr ADHS, Autismus und AuDHD. Unterst\u00fctzung f\u00fcr Frauen, M\u00fctter, Berufst\u00e4tige und Organisationen bei \u00dcberforderung, Strukturaufbau und inklusiveren Arbeits- und Lebensweisen.\" \/>\n<meta name=\"robots\" content=\"index, follow, max-snippet:-1, max-image-preview:large, max-video-preview:-1\" \/>\n<link rel=\"canonical\" href=\"https:\/\/chantalsanmiguel.ch\/de\/service\/\" \/>\n<meta property=\"og:locale\" content=\"de_DE\" \/>\n<meta property=\"og:type\" content=\"article\" \/>\n<meta property=\"og:title\" content=\"Neurodiversit\u00e4ts-Coaching | ADHS &amp; Autismus Unterst\u00fctzung in der Schweiz\" \/>\n<meta property=\"og:description\" content=\"Neurodiversit\u00e4ts-Coaching und Mentoring f\u00fcr ADHS, Autismus und AuDHD. Unterst\u00fctzung f\u00fcr Frauen, M\u00fctter, Berufst\u00e4tige und Organisationen bei \u00dcberforderung, Strukturaufbau und inklusiveren Arbeits- und Lebensweisen.\" \/>\n<meta property=\"og:url\" content=\"https:\/\/chantalsanmiguel.ch\/de\/service\/\" \/>\n<meta property=\"og:site_name\" content=\"Chantal San Miguel\" \/>\n<meta property=\"article:modified_time\" content=\"2026-04-29T21:25:17+00:00\" \/>\n<meta property=\"og:image\" content=\"https:\/\/chantalsanmiguel.ch\/wp-content\/uploads\/2024\/11\/Neurosparkle-Picture-Logo.png\" \/>\n\t<meta property=\"og:image:width\" content=\"500\" \/>\n\t<meta property=\"og:image:height\" content=\"500\" \/>\n\t<meta property=\"og:image:type\" content=\"image\/png\" \/>\n<meta name=\"twitter:card\" content=\"summary_large_image\" \/>\n<meta name=\"twitter:label1\" content=\"Gesch\u00e4tzte Lesezeit\" \/>\n\t<meta name=\"twitter:data1\" content=\"2\u00a0Minuten\" \/>\n<script type=\"application\/ld+json\" class=\"yoast-schema-graph\">{\"@context\":\"https:\\\/\\\/schema.org\",\"@graph\":[{\"@type\":\"WebPage\",\"@id\":\"https:\\\/\\\/chantalsanmiguel.ch\\\/de\\\/service\\\/\",\"url\":\"https:\\\/\\\/chantalsanmiguel.ch\\\/de\\\/service\\\/\",\"name\":\"Neurodiversit\u00e4ts-Coaching | ADHS & Autismus Unterst\u00fctzung in der Schweiz\",\"isPartOf\":{\"@id\":\"https:\\\/\\\/chantalsanmiguel.ch\\\/de\\\/#website\"},\"datePublished\":\"2024-11-08T12:40:18+00:00\",\"dateModified\":\"2026-04-29T21:25:17+00:00\",\"description\":\"Neurodiversit\u00e4ts-Coaching und Mentoring f\u00fcr ADHS, Autismus und AuDHD. Unterst\u00fctzung f\u00fcr Frauen, M\u00fctter, Berufst\u00e4tige und Organisationen bei \u00dcberforderung, Strukturaufbau und inklusiveren Arbeits- und Lebensweisen.\",\"breadcrumb\":{\"@id\":\"https:\\\/\\\/chantalsanmiguel.ch\\\/de\\\/service\\\/#breadcrumb\"},\"inLanguage\":\"de\",\"potentialAction\":[{\"@type\":\"ReadAction\",\"target\":[\"https:\\\/\\\/chantalsanmiguel.ch\\\/de\\\/service\\\/\"]}]},{\"@type\":\"BreadcrumbList\",\"@id\":\"https:\\\/\\\/chantalsanmiguel.ch\\\/de\\\/service\\\/#breadcrumb\",\"itemListElement\":[{\"@type\":\"ListItem\",\"position\":1,\"name\":\"Home\",\"item\":\"https:\\\/\\\/chantalsanmiguel.ch\\\/de\\\/home\\\/\"},{\"@type\":\"ListItem\",\"position\":2,\"name\":\"Service\"}]},{\"@type\":\"WebSite\",\"@id\":\"https:\\\/\\\/chantalsanmiguel.ch\\\/de\\\/#website\",\"url\":\"https:\\\/\\\/chantalsanmiguel.ch\\\/de\\\/\",\"name\":\"Chantal San Miguel\",\"description\":\"Neurodiversity Coaching &amp; Mentoring\",\"publisher\":{\"@id\":\"https:\\\/\\\/chantalsanmiguel.ch\\\/de\\\/#organization\"},\"potentialAction\":[{\"@type\":\"SearchAction\",\"target\":{\"@type\":\"EntryPoint\",\"urlTemplate\":\"https:\\\/\\\/chantalsanmiguel.ch\\\/de\\\/?s={search_term_string}\"},\"query-input\":{\"@type\":\"PropertyValueSpecification\",\"valueRequired\":true,\"valueName\":\"search_term_string\"}}],\"inLanguage\":\"de\"},{\"@type\":\"Organization\",\"@id\":\"https:\\\/\\\/chantalsanmiguel.ch\\\/de\\\/#organization\",\"name\":\"Chantal San Miguel - Neurodiversity Coaching\",\"url\":\"https:\\\/\\\/chantalsanmiguel.ch\\\/de\\\/\",\"logo\":{\"@type\":\"ImageObject\",\"inLanguage\":\"de\",\"@id\":\"https:\\\/\\\/chantalsanmiguel.ch\\\/de\\\/#\\\/schema\\\/logo\\\/image\\\/\",\"url\":\"https:\\\/\\\/chantalsanmiguel.ch\\\/wp-content\\\/uploads\\\/2024\\\/11\\\/Neurosparkle-Picture-Logo.png\",\"contentUrl\":\"https:\\\/\\\/chantalsanmiguel.ch\\\/wp-content\\\/uploads\\\/2024\\\/11\\\/Neurosparkle-Picture-Logo.png\",\"width\":500,\"height\":500,\"caption\":\"Chantal San Miguel - Neurodiversity Coaching\"},\"image\":{\"@id\":\"https:\\\/\\\/chantalsanmiguel.ch\\\/de\\\/#\\\/schema\\\/logo\\\/image\\\/\"},\"sameAs\":[\"https:\\\/\\\/www.instagram.com\\\/neurosparkle.ch\\\/\",\"https:\\\/\\\/www.linkedin.com\\\/in\\\/chantal-san-miguel-8b452411a\\\/\"]}]}<\/script>\n<!-- \/ Yoast SEO plugin. -->","yoast_head_json":{"title":"Neurodiversit\u00e4ts-Coaching | ADHS & Autismus Unterst\u00fctzung in der Schweiz","description":"Neurodiversit\u00e4ts-Coaching und Mentoring f\u00fcr ADHS, Autismus und AuDHD. Unterst\u00fctzung f\u00fcr Frauen, M\u00fctter, Berufst\u00e4tige und Organisationen bei \u00dcberforderung, Strukturaufbau und inklusiveren Arbeits- und Lebensweisen.","robots":{"index":"index","follow":"follow","max-snippet":"max-snippet:-1","max-image-preview":"max-image-preview:large","max-video-preview":"max-video-preview:-1"},"canonical":"https:\/\/chantalsanmiguel.ch\/de\/service\/","og_locale":"de_DE","og_type":"article","og_title":"Neurodiversit\u00e4ts-Coaching | ADHS & Autismus Unterst\u00fctzung in der Schweiz","og_description":"Neurodiversit\u00e4ts-Coaching und Mentoring f\u00fcr ADHS, Autismus und AuDHD. Unterst\u00fctzung f\u00fcr Frauen, M\u00fctter, Berufst\u00e4tige und Organisationen bei \u00dcberforderung, Strukturaufbau und inklusiveren Arbeits- und Lebensweisen.","og_url":"https:\/\/chantalsanmiguel.ch\/de\/service\/","og_site_name":"Chantal San Miguel","article_modified_time":"2026-04-29T21:25:17+00:00","og_image":[{"width":500,"height":500,"url":"https:\/\/chantalsanmiguel.ch\/wp-content\/uploads\/2024\/11\/Neurosparkle-Picture-Logo.png","type":"image\/png"}],"twitter_card":"summary_large_image","twitter_misc":{"Gesch\u00e4tzte Lesezeit":"2\u00a0Minuten"},"schema":{"@context":"https:\/\/schema.org","@graph":[{"@type":"WebPage","@id":"https:\/\/chantalsanmiguel.ch\/de\/service\/","url":"https:\/\/chantalsanmiguel.ch\/de\/service\/","name":"Neurodiversit\u00e4ts-Coaching | ADHS & Autismus Unterst\u00fctzung in der Schweiz","isPartOf":{"@id":"https:\/\/chantalsanmiguel.ch\/de\/#website"},"datePublished":"2024-11-08T12:40:18+00:00","dateModified":"2026-04-29T21:25:17+00:00","description":"Neurodiversit\u00e4ts-Coaching und Mentoring f\u00fcr ADHS, Autismus und AuDHD. Unterst\u00fctzung f\u00fcr Frauen, M\u00fctter, Berufst\u00e4tige und Organisationen bei \u00dcberforderung, Strukturaufbau und inklusiveren Arbeits- und Lebensweisen.","breadcrumb":{"@id":"https:\/\/chantalsanmiguel.ch\/de\/service\/#breadcrumb"},"inLanguage":"de","potentialAction":[{"@type":"ReadAction","target":["https:\/\/chantalsanmiguel.ch\/de\/service\/"]}]},{"@type":"BreadcrumbList","@id":"https:\/\/chantalsanmiguel.ch\/de\/service\/#breadcrumb","itemListElement":[{"@type":"ListItem","position":1,"name":"Home","item":"https:\/\/chantalsanmiguel.ch\/de\/home\/"},{"@type":"ListItem","position":2,"name":"Service"}]},{"@type":"WebSite","@id":"https:\/\/chantalsanmiguel.ch\/de\/#website","url":"https:\/\/chantalsanmiguel.ch\/de\/","name":"Chantal San Miguel","description":"Neurodiversity Coaching &amp; Mentoring","publisher":{"@id":"https:\/\/chantalsanmiguel.ch\/de\/#organization"},"potentialAction":[{"@type":"SearchAction","target":{"@type":"EntryPoint","urlTemplate":"https:\/\/chantalsanmiguel.ch\/de\/?s={search_term_string}"},"query-input":{"@type":"PropertyValueSpecification","valueRequired":true,"valueName":"search_term_string"}}],"inLanguage":"de"},{"@type":"Organization","@id":"https:\/\/chantalsanmiguel.ch\/de\/#organization","name":"Chantal San Miguel - Neurodiversity Coaching","url":"https:\/\/chantalsanmiguel.ch\/de\/","logo":{"@type":"ImageObject","inLanguage":"de","@id":"https:\/\/chantalsanmiguel.ch\/de\/#\/schema\/logo\/image\/","url":"https:\/\/chantalsanmiguel.ch\/wp-content\/uploads\/2024\/11\/Neurosparkle-Picture-Logo.png","contentUrl":"https:\/\/chantalsanmiguel.ch\/wp-content\/uploads\/2024\/11\/Neurosparkle-Picture-Logo.png","width":500,"height":500,"caption":"Chantal San Miguel - Neurodiversity Coaching"},"image":{"@id":"https:\/\/chantalsanmiguel.ch\/de\/#\/schema\/logo\/image\/"},"sameAs":["https:\/\/www.instagram.com\/neurosparkle.ch\/","https:\/\/www.linkedin.com\/in\/chantal-san-miguel-8b452411a\/"]}]}},"_links":{"self":[{"href":"https:\/\/chantalsanmiguel.ch\/de\/wp-json\/wp\/v2\/pages\/1449","targetHints":{"allow":["GET"]}}],"collection":[{"href":"https:\/\/chantalsanmiguel.ch\/de\/wp-json\/wp\/v2\/pages"}],"about":[{"href":"https:\/\/chantalsanmiguel.ch\/de\/wp-json\/wp\/v2\/types\/page"}],"author":[{"embeddable":true,"href":"https:\/\/chantalsanmiguel.ch\/de\/wp-json\/wp\/v2\/users\/1"}],"replies":[{"embeddable":true,"href":"https:\/\/chantalsanmiguel.ch\/de\/wp-json\/wp\/v2\/comments?post=1449"}],"version-history":[{"count":54,"href":"https:\/\/chantalsanmiguel.ch\/de\/wp-json\/wp\/v2\/pages\/1449\/revisions"}],"predecessor-version":[{"id":4580,"href":"https:\/\/chantalsanmiguel.ch\/de\/wp-json\/wp\/v2\/pages\/1449\/revisions\/4580"}],"wp:attachment":[{"href":"https:\/\/chantalsanmiguel.ch\/de\/wp-json\/wp\/v2\/media?parent=1449"}],"wp:term":[{"taxonomy":"difl_page_category","embeddable":true,"href":"https:\/\/chantalsanmiguel.ch\/de\/wp-json\/wp\/v2\/difl_page_category?post=1449"}],"curies":[{"name":"wp","href":"https:\/\/api.w.org\/{rel}","templated":true}]}}